{"id":18779,"date":"2011-10-20T19:23:57","date_gmt":"2011-10-20T17:23:57","guid":{"rendered":"https:\/\/mv.atelierzidlicky.eu\/uvodni-stranka-loga\/"},"modified":"2025-10-24T15:04:01","modified_gmt":"2025-10-24T13:04:01","slug":"uvodni-stranka-loga","status":"publish","type":"page","link":"https:\/\/mv.atelierzidlicky.eu\/en\/uvodni-stranka-loga\/","title":{"rendered":"\u00davodn\u00ed str\u00e1nka &#8211; loga"},"content":{"rendered":"\n<p class=\"has-text-align-center\"><a href=\"https:\/\/mv.atelierzidlicky.eu\/wp-content\/uploads\/logo-sk2.png\"><br><\/a><a href=\"https:\/\/mv.atelierzidlicky.eu\/wp-content\/uploads\/logo-sks.jpg\"><br><\/a>The Museum of the Vy\u0161kov Region is a&nbsp;contributory organization of the <a href=\"http:\/\/www.kr-jihomoravsky.cz\/\" target=\"_blank\" rel=\"noopener\">South Moravian Region<\/a>.<\/p>\n\n\n\n<div class=\"wp-block-columns is-layout-flex wp-container-core-columns-is-layout-9d6595d7 wp-block-columns-is-layout-flex\">\n<div class=\"wp-block-column is-vertically-aligned-center is-layout-flow wp-block-column-is-layout-flow\" style=\"flex-basis:66.66%\"><div class=\"wp-block-image\">\n<figure class=\"aligncenter\"><a href=\"http:\/\/www.kr-jihomoravsky.cz\" target=\"_blank\" rel=\"noopener\"><img loading=\"lazy\" decoding=\"async\" width=\"300\" height=\"72\" src=\"https:\/\/mv.atelierzidlicky.eu\/wp-content\/uploads\/logotyp_jihomoravsky_kraj_rgb-300x72.jpg\" alt=\"\" class=\"wp-image-12942\" srcset=\"https:\/\/mv.atelierzidlicky.eu\/wp-content\/uploads\/logotyp_jihomoravsky_kraj_rgb-300x72.jpg 300w, https:\/\/mv.atelierzidlicky.eu\/wp-content\/uploads\/logotyp_jihomoravsky_kraj_rgb-626x150.jpg 626w, https:\/\/mv.atelierzidlicky.eu\/wp-content\/uploads\/logotyp_jihomoravsky_kraj_rgb-768x184.jpg 768w, https:\/\/mv.atelierzidlicky.eu\/wp-content\/uploads\/logotyp_jihomoravsky_kraj_rgb-1024x245.jpg 1024w\" sizes=\"auto, (max-width: 300px) 100vw, 300px\" \/><\/a><\/figure><\/div><\/div>\n\n\n\n<div class=\"wp-block-column is-layout-flow wp-block-column-is-layout-flow\" style=\"flex-basis:33.33%\"><div class=\"wp-block-image\">\n<figure class=\"aligncenter is-resized\"><a href=\"https:\/\/www.kr-jihomoravsky.cz\/Default.aspx?ID=226352&amp;TypeID=2\" target=\"_blank\" rel=\"noopener\"><img loading=\"lazy\" decoding=\"async\" width=\"197\" height=\"137\" src=\"https:\/\/mv.atelierzidlicky.eu\/wp-content\/uploads\/mag.png\" alt=\"\" class=\"wp-image-211\" style=\"width:137px;height:auto\" title=\"MaG\"\/><\/a><\/figure><\/div><\/div>\n<\/div>\n\n\n\n<p class=\"has-text-align-center\">The Museum of the Vy\u0161kov Region is supported by<\/p>\n\n\n\n<div class=\"wp-block-columns is-layout-flex wp-container-core-columns-is-layout-9d6595d7 wp-block-columns-is-layout-flex\">\n<div class=\"wp-block-column is-layout-flow wp-block-column-is-layout-flow\"><div class=\"wp-block-image\">\n<figure class=\"aligncenter is-resized\"><a href=\"http:\/\/www.vyskov-mesto.cz\/\" target=\"_blank\" rel=\"noopener\"><img loading=\"lazy\" decoding=\"async\" width=\"400\" height=\"207\" src=\"https:\/\/mv.atelierzidlicky.eu\/wp-content\/uploads\/vyskov_logo_MV_web_.png\" alt=\"\" class=\"wp-image-1224\" style=\"width:143px;height:auto\" title=\"City of Vy\u0161kov - logo\" srcset=\"https:\/\/mv.atelierzidlicky.eu\/wp-content\/uploads\/vyskov_logo_MV_web_.png 400w, https:\/\/mv.atelierzidlicky.eu\/wp-content\/uploads\/vyskov_logo_MV_web_-289x150.png 289w, https:\/\/mv.atelierzidlicky.eu\/wp-content\/uploads\/vyskov_logo_MV_web_-300x155.png 300w\" sizes=\"auto, (max-width: 400px) 100vw, 400px\" \/><\/a><\/figure><\/div><\/div>\n\n\n\n<div class=\"wp-block-column is-layout-flow wp-block-column-is-layout-flow\"><div class=\"wp-block-image\">\n<figure class=\"aligncenter is-resized\"><a href=\"http:\/\/www.sksblansko.cz\/\" target=\"_blank\" rel=\"noopener\"><img decoding=\"async\" src=\"https:\/\/mv.atelierzidlicky.eu\/wp-content\/uploads\/logo-sk2.png\" alt=\"\" style=\"width:74px;height:auto\" title=\"SKS logo\"\/><\/a><\/figure><\/div><\/div>\n<\/div>\n\n\n\n<p>&nbsp;&nbsp; &nbsp;<\/p>\n\n\n\n<p>&nbsp;<\/p>\n\n","protected":false},"excerpt":{"rendered":"<p>The Museum of the Vy\u0161kov Region is a&nbsp;contributory organization of the South Moravian Region. The Museum of the Vy\u0161kov Region is supported by &nbsp;&nbsp; &nbsp; &nbsp;<\/p>\n","protected":false},"author":4,"featured_media":15313,"parent":0,"menu_order":51,"comment_status":"closed","ping_status":"closed","template":"","meta":{"_acf_changed":false,"footnotes":""},"class_list":["post-18779","page","type-page","status-publish","has-post-thumbnail"],"acf":[],"_links":{"self":[{"href":"https:\/\/mv.atelierzidlicky.eu\/en\/wp-json\/wp\/v2\/pages\/18779","targetHints":{"allow":["GET"]}}],"collection":[{"href":"https:\/\/mv.atelierzidlicky.eu\/en\/wp-json\/wp\/v2\/pages"}],"about":[{"href":"https:\/\/mv.atelierzidlicky.eu\/en\/wp-json\/wp\/v2\/types\/page"}],"author":[{"embeddable":true,"href":"https:\/\/mv.atelierzidlicky.eu\/en\/wp-json\/wp\/v2\/users\/4"}],"replies":[{"embeddable":true,"href":"https:\/\/mv.atelierzidlicky.eu\/en\/wp-json\/wp\/v2\/comments?post=18779"}],"version-history":[{"count":3,"href":"https:\/\/mv.atelierzidlicky.eu\/en\/wp-json\/wp\/v2\/pages\/18779\/revisions"}],"predecessor-version":[{"id":19121,"href":"https:\/\/mv.atelierzidlicky.eu\/en\/wp-json\/wp\/v2\/pages\/18779\/revisions\/19121"}],"wp:featuredmedia":[{"embeddable":true,"href":"https:\/\/mv.atelierzidlicky.eu\/en\/wp-json\/wp\/v2\/media\/15313"}],"wp:attachment":[{"href":"https:\/\/mv.atelierzidlicky.eu\/en\/wp-json\/wp\/v2\/media?parent=18779"}],"curies":[{"name":"wp","href":"https:\/\/api.w.org\/{rel}","templated":true}]}}