{"id":18778,"date":"2011-12-29T18:37:28","date_gmt":"2011-12-29T17:37:28","guid":{"rendered":"https:\/\/mv.atelierzidlicky.eu\/uvodni-stranka-jak-se-k-nam-dostanete\/"},"modified":"2025-10-24T12:09:31","modified_gmt":"2025-10-24T10:09:31","slug":"uvodni-stranka-jak-se-k-nam-dostanete","status":"publish","type":"page","link":"https:\/\/mv.atelierzidlicky.eu\/en\/uvodni-stranka-jak-se-k-nam-dostanete\/","title":{"rendered":"\u00davodn\u00ed str\u00e1nka &#8211; Jak se k&nbsp;n\u00e1m dostanete"},"content":{"rendered":"<p>Vy\u0161kov Museum on the map<br \/>\nGPS: 49\u00b016\u201935.291\u201dN,<\/p>\n<p>16\u00b059\u201948.996\u201dE<\/p>\n","protected":false},"excerpt":{"rendered":"<p>Vy\u0161kov Museum on the map GPS: 49\u00b016\u201935.291\u201dN, 16\u00b059\u201948.996\u201dE<\/p>\n","protected":false},"author":4,"featured_media":0,"parent":0,"menu_order":40,"comment_status":"closed","ping_status":"closed","template":"","meta":{"_acf_changed":false,"footnotes":""},"class_list":["post-18778","page","type-page","status-publish"],"acf":[],"_links":{"self":[{"href":"https:\/\/mv.atelierzidlicky.eu\/en\/wp-json\/wp\/v2\/pages\/18778","targetHints":{"allow":["GET"]}}],"collection":[{"href":"https:\/\/mv.atelierzidlicky.eu\/en\/wp-json\/wp\/v2\/pages"}],"about":[{"href":"https:\/\/mv.atelierzidlicky.eu\/en\/wp-json\/wp\/v2\/types\/page"}],"author":[{"embeddable":true,"href":"https:\/\/mv.atelierzidlicky.eu\/en\/wp-json\/wp\/v2\/users\/4"}],"replies":[{"embeddable":true,"href":"https:\/\/mv.atelierzidlicky.eu\/en\/wp-json\/wp\/v2\/comments?post=18778"}],"version-history":[{"count":1,"href":"https:\/\/mv.atelierzidlicky.eu\/en\/wp-json\/wp\/v2\/pages\/18778\/revisions"}],"predecessor-version":[{"id":19106,"href":"https:\/\/mv.atelierzidlicky.eu\/en\/wp-json\/wp\/v2\/pages\/18778\/revisions\/19106"}],"wp:attachment":[{"href":"https:\/\/mv.atelierzidlicky.eu\/en\/wp-json\/wp\/v2\/media?parent=18778"}],"curies":[{"name":"wp","href":"https:\/\/api.w.org\/{rel}","templated":true}]}}