{"id":18777,"date":"2011-12-29T18:36:32","date_gmt":"2011-12-29T16:36:32","guid":{"rendered":"https:\/\/mv.atelierzidlicky.eu\/uvodni-stranka-verejne-zakazky\/"},"modified":"2011-12-29T18:36:32","modified_gmt":"2011-12-29T16:36:32","slug":"uvodni-stranka-verejne-zakazky","status":"publish","type":"page","link":"https:\/\/mv.atelierzidlicky.eu\/en\/uvodni-stranka-verejne-zakazky\/","title":{"rendered":"\u00davodn\u00ed str\u00e1nka &#8211; Ve\u0159ejn\u00e9 zak\u00e1zky"},"content":{"rendered":"","protected":false},"excerpt":{"rendered":"","protected":false},"author":4,"featured_media":0,"parent":0,"menu_order":33,"comment_status":"closed","ping_status":"closed","template":"","meta":{"_acf_changed":false,"footnotes":""},"class_list":["post-18777","page","type-page","status-publish"],"acf":[],"_links":{"self":[{"href":"https:\/\/mv.atelierzidlicky.eu\/en\/wp-json\/wp\/v2\/pages\/18777","targetHints":{"allow":["GET"]}}],"collection":[{"href":"https:\/\/mv.atelierzidlicky.eu\/en\/wp-json\/wp\/v2\/pages"}],"about":[{"href":"https:\/\/mv.atelierzidlicky.eu\/en\/wp-json\/wp\/v2\/types\/page"}],"author":[{"embeddable":true,"href":"https:\/\/mv.atelierzidlicky.eu\/en\/wp-json\/wp\/v2\/users\/4"}],"replies":[{"embeddable":true,"href":"https:\/\/mv.atelierzidlicky.eu\/en\/wp-json\/wp\/v2\/comments?post=18777"}],"version-history":[{"count":0,"href":"https:\/\/mv.atelierzidlicky.eu\/en\/wp-json\/wp\/v2\/pages\/18777\/revisions"}],"wp:attachment":[{"href":"https:\/\/mv.atelierzidlicky.eu\/en\/wp-json\/wp\/v2\/media?parent=18777"}],"curies":[{"name":"wp","href":"https:\/\/api.w.org\/{rel}","templated":true}]}}