{"id":18776,"date":"2011-12-29T18:25:39","date_gmt":"2011-12-29T17:25:39","guid":{"rendered":"https:\/\/mv.atelierzidlicky.eu\/uvodni-stranka-vstupne-a-oteviraci-doba\/"},"modified":"2025-10-24T16:57:50","modified_gmt":"2025-10-24T14:57:50","slug":"uvodni-stranka-vstupne-a-oteviraci-doba","status":"publish","type":"page","link":"https:\/\/mv.atelierzidlicky.eu\/en\/uvodni-stranka-vstupne-a-oteviraci-doba\/","title":{"rendered":"\u00davodn\u00ed str\u00e1nka \u2013 Vstupn\u00e9 a&nbsp;otev\u00edrac\u00ed doba"},"content":{"rendered":"\n<h5 class=\"wp-block-heading\">On the public holiday, October 28, 2025, the Museum of the Vy\u0161kov Region and the Bu\u010dovice Museum will be OPEN from 1:00 p.m. to 5:00 p.m. St. Anna\u2019s Chapel and its garden will be CLOSED on this day.<\/h5>\n\n\n\n<p>&nbsp;<\/p>\n\n\n\n<p><strong>Museum of the Vy\u0161kov Region and St. Anna\u2019s Chapel<\/strong> <strong>Dear visitors,<\/strong> <strong>from September 20 to November 2, 2025, St. Anna\u2019s Chapel and its garden will be CLOSED every Saturday and Sunday for operational reasons. Thank you for your understanding.<\/strong><\/p>\n\n\n\n<p>&nbsp;<\/p>\n\n\n\n<figure class=\"wp-block-table home-open-hours\"><table class=\"has-fixed-layout\"><tbody><tr><td>Tuesday\u2013Friday<\/td><td>09:00\u201312:00, 12:30\u201317:00<\/td><\/tr><tr><td>Saturday, Sunday<\/td><td>13:00\u201317:00<\/td><\/tr><\/tbody><\/table><\/figure>\n\n\n\n<p><strong>Bu\u010dovice Museum<\/strong><\/p>\n\n\n\n<figure class=\"wp-block-table home-open-hours\"><table class=\"has-fixed-layout\"><tbody><tr><td>Tuesday\u2013Friday<\/td><td>08:00\u201312:00, 13:00\u201316:30<\/td><\/tr><tr><td>Saturday, Sunday<\/td><td>13:00\u201317:00<\/td><\/tr><\/tbody><\/table><\/figure>\n\n\n\n<p>&nbsp;<\/p>\n\n\n\n<p><a href=\"https:\/\/www.muzeum-vyskovska.cz\/wp-content\/uploads\/cenovy-vymer_2025.pdf\" target=\"_blank\" rel=\"noopener\">Price List for 2025<\/a><br>Credit card payments are accepted at the Vy\u0161kov Chateau premises.<\/p>\n","protected":false},"excerpt":{"rendered":"<p>On the public holiday, October 28, 2025, the Museum of the Vy\u0161kov Region and the Bu\u010dovice Museum will be OPEN from 1:00 p.m. to 5:00 p.m. St. Anna\u2019s Chapel and its garden will be CLOSED on this day. &nbsp; Museum of the Vy\u0161kov Region and St. Anna\u2019s Chapel Dear visitors, from September 20 to November &#8230; <a title=\"\u00davodn\u00ed str\u00e1nka \u2013 Vstupn\u00e9 a&nbsp;otev\u00edrac\u00ed doba\" class=\"read-more\" href=\"https:\/\/mv.atelierzidlicky.eu\/en\/uvodni-stranka-vstupne-a-oteviraci-doba\/\" aria-label=\"Read more about \u00davodn\u00ed str\u00e1nka \u2013 Vstupn\u00e9 a&nbsp;otev\u00edrac\u00ed doba\">Read more<\/a><\/p>\n","protected":false},"author":4,"featured_media":0,"parent":0,"menu_order":22,"comment_status":"closed","ping_status":"closed","template":"","meta":{"_acf_changed":false,"footnotes":""},"class_list":["post-18776","page","type-page","status-publish"],"acf":[],"_links":{"self":[{"href":"https:\/\/mv.atelierzidlicky.eu\/en\/wp-json\/wp\/v2\/pages\/18776","targetHints":{"allow":["GET"]}}],"collection":[{"href":"https:\/\/mv.atelierzidlicky.eu\/en\/wp-json\/wp\/v2\/pages"}],"about":[{"href":"https:\/\/mv.atelierzidlicky.eu\/en\/wp-json\/wp\/v2\/types\/page"}],"author":[{"embeddable":true,"href":"https:\/\/mv.atelierzidlicky.eu\/en\/wp-json\/wp\/v2\/users\/4"}],"replies":[{"embeddable":true,"href":"https:\/\/mv.atelierzidlicky.eu\/en\/wp-json\/wp\/v2\/comments?post=18776"}],"version-history":[{"count":5,"href":"https:\/\/mv.atelierzidlicky.eu\/en\/wp-json\/wp\/v2\/pages\/18776\/revisions"}],"predecessor-version":[{"id":19128,"href":"https:\/\/mv.atelierzidlicky.eu\/en\/wp-json\/wp\/v2\/pages\/18776\/revisions\/19128"}],"wp:attachment":[{"href":"https:\/\/mv.atelierzidlicky.eu\/en\/wp-json\/wp\/v2\/media?parent=18776"}],"curies":[{"name":"wp","href":"https:\/\/api.w.org\/{rel}","templated":true}]}}