{"id":18774,"date":"2011-12-29T18:25:03","date_gmt":"2011-12-29T17:25:03","guid":{"rendered":"https:\/\/mv.atelierzidlicky.eu\/uvodni-stranka-pro-skoly\/"},"modified":"2025-10-24T12:13:53","modified_gmt":"2025-10-24T10:13:53","slug":"uvodni-stranka-pro-skoly","status":"publish","type":"page","link":"https:\/\/mv.atelierzidlicky.eu\/en\/uvodni-stranka-pro-skoly\/","title":{"rendered":"\u00davodn\u00ed str\u00e1nka \u2013 Pro \u0161koly"},"content":{"rendered":"\n<p>Our museum offers engaging lectures, animation and accompanying programs related to our permanent exhibitions and current displays, as well as creative workshops for skillful little hands.<\/p>\n\n\n\n\n\n<p><strong>Lecture offer for elementary and secondary schools <a href=\"https:\/\/mv.atelierzidlicky.eu\/wp-content\/uploads\/nabidka_prednasek_2022.pdf\" target=\"_blank\" rel=\"noopener\">here<\/a><\/strong><\/p>\n\n\n\n\n\n<p><strong>The offer has been extended with the lecture <a href=\"https:\/\/mv.atelierzidlicky.eu\/wp-content\/uploads\/prednaska-osobnosti-vyskova_2021.pdf\" target=\"_blank\" rel=\"noopener\">Personalities of Vy\u0161kov&nbsp;<\/a><\/strong> and a&nbsp;new lecture <strong><a href=\"https:\/\/mv.atelierzidlicky.eu\/wp-content\/uploads\/prednaska-stredovek_2023.pdf\" target=\"_blank\" rel=\"noopener\">The Middle Ages<\/a><\/strong><\/p>\n\n\n\n\n\n<p>The program <strong>Journey Through the Museum<\/strong> for 4th and 6th grade students <a href=\"https:\/\/mv.atelierzidlicky.eu\/wp-content\/uploads\/Putovani_muzeem.pdf\" target=\"_blank\" rel=\"noopener noreferrer\">here<\/a><\/p>\n\n\n\n\n\n<p>Animation programs for the permanent exhibition <em>Nature of the Vy\u0161kov Region<\/em> for primary school pupils: <strong>Winter Is Coming<\/strong> <a href=\"https:\/\/mv.atelierzidlicky.eu\/wp-content\/uploads\/bude-zima.pdf\" target=\"_blank\" rel=\"noopener\">here<\/a> and <strong>Spring Is Knocking on the Door<\/strong> <a href=\"https:\/\/mv.atelierzidlicky.eu\/wp-content\/uploads\/jaro.pdf\" target=\"_blank\" rel=\"noopener\">here<\/a><\/p>\n\n\n\n\n\n<p>Animation program for the permanent exhibition <em>Nature of the Vy\u0161kov Region<\/em> for kindergartens: <strong>Animals from Fairy Tales<\/strong> <a href=\"https:\/\/mv.atelierzidlicky.eu\/wp-content\/uploads\/za_zviraky.pdf\" target=\"_blank\" rel=\"noopener\">here<\/a><\/p>\n\n\n\n\n\n<p>Animation programs at the Bu\u010dovice Museum related to the exhibition <em>Through Life and Time in the Bu\u010dovice Region<\/em>: <strong>From Mammoths to the Germans<\/strong> <a href=\"https:\/\/mv.atelierzidlicky.eu\/wp-content\/uploads\/od-mamutu-po-germany_pozvanka.pdf\" target=\"_blank\" rel=\"noopener\">here<\/a> and <strong>The Middle Ages Were an Age<\/strong> <a href=\"https:\/\/mv.atelierzidlicky.eu\/wp-content\/uploads\/stredovek-to-byl-vek.pdf\" target=\"_blank\" rel=\"noopener\">here<\/a><\/p>\n\n\n\n\n\n<p>Animation program for the permanent exhibition <em>Nature of the Vy\u0161kov Region<\/em>: <strong>Life of the Forest<\/strong> for kindergarten and elementary school pupils <a href=\"https:\/\/mv.atelierzidlicky.eu\/wp-content\/uploads\/zivot_lesa.pdf\" target=\"_blank\" rel=\"noopener\">here<\/a><\/p>\n\n\n\n\n\n<p>Animation program for the permanent exhibition <em>Nature of the Vy\u0161kov Region<\/em>: <strong>Water World<\/strong> for kindergarten and elementary school pupils <a href=\"https:\/\/mv.atelierzidlicky.eu\/wp-content\/uploads\/vodni-svet.pdf\" target=\"_blank\" rel=\"noopener\">here<\/a><\/p>\n\n\n\n\n\n<p>Animation program for the permanent exhibition <em>Nature of the Vy\u0161kov Region<\/em>: <strong>From Fields, Meadows, and Hillsides<\/strong> for kindergarten and elementary school pupils <a href=\"https:\/\/mv.atelierzidlicky.eu\/wp-content\/uploads\/z-poli-luk-a-strani_pozvanka.pdf\" target=\"_blank\" rel=\"noopener\">here<\/a><\/p>\n\n\n\n\n\n<p>Accompanying program <strong>Treasure in the Desert<\/strong> for the exhibition <strong>Musil \u2013 The Man of Many Faces<\/strong> in St. Anna\u2019s Chapel on Dukelsk\u00e1 Street for elementary and secondary school pupils <a href=\"https:\/\/mv.atelierzidlicky.eu\/wp-content\/uploads\/poklad-v-pousti_pozvanka-skoly.pdf\" target=\"_blank\" rel=\"noopener\">here<\/a><\/p>\n\n\n\n\n\n<p>Worksheet for the exhibition <strong>Journey into the Depths of a&nbsp;Robot\u2019s Soul<\/strong> available for free download <a href=\"https:\/\/www.muzeum-vyskovska.cz\/wp-content\/uploads\/pracovni_list_rur.pdf\" target=\"_blank\" rel=\"noopener\">here<\/a><\/p>\n\n\n\n\n\n<p><strong>New:<\/strong> Accompanying program for the exhibition <em>Straw in Traditional Culture<\/em> titled <strong>From Grain to Loaf<\/strong> for kindergarten children <a href=\"https:\/\/www.muzeum-vyskovska.cz\/wp-content\/uploads\/od_zrnicka_ke_krajicku_ms.pdf\" target=\"_blank\" rel=\"noopener\">here<\/a><\/p>\n\n\n\n\n\n<p><strong>New:<\/strong> Accompanying program for the exhibition <em>Straw in Traditional Culture<\/em> titled <strong>From Grain to Loaf<\/strong> for elementary school pupils <a href=\"https:\/\/www.muzeum-vyskovska.cz\/wp-content\/uploads\/od_zrnicka_ke_krajicku_zs.pdf\" target=\"_blank\" rel=\"noopener\">here<\/a><\/p>\n\n\n","protected":false},"excerpt":{"rendered":"<p>Our museum offers engaging lectures, animation and accompanying programs related to our permanent exhibitions and current displays, as well as creative workshops for skillful little hands. Lecture offer for elementary and secondary schools here The offer has been extended with the lecture Personalities of Vy\u0161kov&nbsp; and a&nbsp;new lecture The Middle Ages The program Journey Through &#8230; <a title=\"\u00davodn\u00ed str\u00e1nka \u2013 Pro \u0161koly\" class=\"read-more\" href=\"https:\/\/mv.atelierzidlicky.eu\/en\/uvodni-stranka-pro-skoly\/\" aria-label=\"Read more about \u00davodn\u00ed str\u00e1nka \u2013 Pro \u0161koly\">Read more<\/a><\/p>\n","protected":false},"author":4,"featured_media":0,"parent":0,"menu_order":12,"comment_status":"closed","ping_status":"closed","template":"","meta":{"_acf_changed":false,"footnotes":""},"class_list":["post-18774","page","type-page","status-publish"],"acf":[],"_links":{"self":[{"href":"https:\/\/mv.atelierzidlicky.eu\/en\/wp-json\/wp\/v2\/pages\/18774","targetHints":{"allow":["GET"]}}],"collection":[{"href":"https:\/\/mv.atelierzidlicky.eu\/en\/wp-json\/wp\/v2\/pages"}],"about":[{"href":"https:\/\/mv.atelierzidlicky.eu\/en\/wp-json\/wp\/v2\/types\/page"}],"author":[{"embeddable":true,"href":"https:\/\/mv.atelierzidlicky.eu\/en\/wp-json\/wp\/v2\/users\/4"}],"replies":[{"embeddable":true,"href":"https:\/\/mv.atelierzidlicky.eu\/en\/wp-json\/wp\/v2\/comments?post=18774"}],"version-history":[{"count":2,"href":"https:\/\/mv.atelierzidlicky.eu\/en\/wp-json\/wp\/v2\/pages\/18774\/revisions"}],"predecessor-version":[{"id":19111,"href":"https:\/\/mv.atelierzidlicky.eu\/en\/wp-json\/wp\/v2\/pages\/18774\/revisions\/19111"}],"wp:attachment":[{"href":"https:\/\/mv.atelierzidlicky.eu\/en\/wp-json\/wp\/v2\/media?parent=18774"}],"curies":[{"name":"wp","href":"https:\/\/api.w.org\/{rel}","templated":true}]}}