{"id":18640,"date":"2011-10-13T14:40:38","date_gmt":"2011-10-13T12:40:38","guid":{"rendered":"https:\/\/mv.atelierzidlicky.eu\/kontakty\/"},"modified":"2025-07-10T11:16:32","modified_gmt":"2025-07-10T09:16:32","slug":"contact","status":"publish","type":"page","link":"https:\/\/mv.atelierzidlicky.eu\/en\/contact\/","title":{"rendered":"Contact"},"content":{"rendered":"<table style=\"width: 100%;\" border=\"0\">\n<tbody>\n<tr>\n<td class=\"contact-title\" style=\"width: 57.172%;\" align=\"left\" valign=\"top\">\n<p class=\"p1\"><strong>The Museum of the Vy\u0161kov Region a&nbsp;contributory organisation<\/strong><br \/>\n<span style=\"font-family: inherit; font-size: inherit; font-weight: inherit; background-color: var(--base-3); color: var(--contrast);\">n\u00e1m\u011bst\u00ed \u010csl. arm\u00e1dy 475\/2, Vy\u0161kov-M\u011bsto<br \/>\n<\/span><span style=\"font-family: inherit; font-size: inherit; font-weight: inherit; background-color: var(--base-3); color: var(--contrast);\">682&nbsp;01 Vy\u0161kov<\/span><\/p>\n<h5 class=\"p1\">Bank details: Komer\u010dn\u00ed banka, a.s., account No. 1932731\/0100<br \/>\nreg. No.: 00092401, VAT: we are not VAT registered<\/h5>\n<h5 class=\"p1\">Data box identifier: 34nk6gk<br \/>\ntel.: <a href=\"http:\/\/tel.:+420517348040\">+420&nbsp;517&nbsp;348&nbsp;040<\/a>, box office tel.: <a href=\"http:\/\/tel.:+420720955680\">+420&nbsp;720&nbsp;955&nbsp;680<\/a><\/h5>\n<h5>e-mail: <a href=\"mailto: mv@mv.atelierzidlicky.eu\">mv@mv.atelierzidlicky.eu<\/a><\/h5>\n<p><a href=\"https:\/\/mv.atelierzidlicky.eu\/wp-content\/uploads\/kontaktni_informace-1.pdf\" target=\"_blank\" rel=\"noopener\">Contact information<\/a><\/td>\n<td style=\"text-align: justify; width: 40.828%;\" rowspan=\"2\" align=\"left\" valign=\"top\">\n<p class=\"p1\"><strong>Parking:<br \/>\n<\/strong><\/p>\n<p class=\"p1\">In front of the passage to chateau garden (metered parking)<br \/>\nGPS: 49\u00b016\u201936.067\u201dN, 16\u00b059\u201953.779\u201dE<\/p>\n<p class=\"p1\">At the sanitary station (metered parking)<br \/>\nGPS: 49\u00b016\u201935.553\u201dN, 17\u00b00\u20196.603\u201dE<\/p>\n<p class=\"p1\">At the Sokol building (metered parking)<br \/>\nGPS: 49\u00b016\u201935.847\u201dN, 17\u00b00\u201912.085\u201dE<\/p>\n<p class=\"p1\">GPS: 49\u00b016\u201935.291\u201dN, 16\u00b059\u201948.996\u201dE<\/p>\n<\/td>\n<\/tr>\n<tr>\n<td class=\"contact-title-2\" style=\"width: 57.172%;\" align=\"left\" valign=\"top\">GPS: 49\u00b016\u201935.291\u201dN, 16\u00b059\u201948.996\u201dE<\/td>\n<\/tr>\n<\/tbody>\n<\/table>\n<p><a id=\"openmap\" href=\"http:\/\/maps.google.cz\/maps?q=n%C3%A1m.+%C4%8Ceskoslovensk%C3%A9+arm%C3%A1dy+2&amp;ie=UTF8&amp;hq=&amp;hnear=n%C3%A1m%C4%9Bst%C3%AD+%C4%8Ceskoslovensk%C3%A9+arm%C3%A1dy+2,+682+01+Vy%C5%A1kov&amp;gl=cz&amp;t=m&amp;vpsrc=6&amp;brcurrent=5,0,0&amp;ll=49.283092,17.001858&amp;spn=0.023515,0.07596&amp;z=14&amp;iwloc=A&amp;source=embed\" target=\"_blank\" rel=\"noopener noreferrer\">Zoom map<\/a><\/p>\n<div id=\"gmap\"><iframe loading=\"lazy\" src=\"https:\/\/maps.google.cz\/maps?q=n%C3%A1m.+%C4%8Ceskoslovensk%C3%A9+arm%C3%A1dy+2&amp;ie=UTF8&amp;hq=&amp;hnear=n%C3%A1m%C4%9Bst%C3%AD+%C4%8Ceskoslovensk%C3%A9+arm%C3%A1dy+2,+682+01+Vy%C5%A1kov&amp;gl=cz&amp;t=m&amp;vpsrc=6&amp;brcurrent=5,0,0&amp;ll=49.283092,17.001858&amp;spn=0.023515,0.07596&amp;z=14&amp;iwloc=A&amp;output=embed\" width=\"886\" height=\"420\" frameborder=\"0\" marginwidth=\"0\" marginheight=\"0\" scrolling=\"no\"><\/iframe><br \/>\n<span class=\"Apple-style-span\" style=\"font-size: 11px;\"><br \/>\n<\/span><\/div>\n<\/div><div class=\"content\">\n<h2 class=\"p1\">Other contacts<\/h2>\n<table class=\"contact-table\" style=\"width: 907px; height: 439px;\" border=\"0\">\n<tbody>\n<tr>\n<td style=\"width: 237px;\">Mgr. Monika Pelinkov\u00e1<\/td>\n<td style=\"width: 396.65px;\">\n<p class=\"p1\">Director<\/p>\n<\/td>\n<td style=\"width: 250.34px;\"><a href=\"mailto: pelinkova@mv.atelierzidlicky.eu\">pelinkova@mv.atelierzidlicky.eu<\/a><\/td>\n<\/tr>\n<tr>\n<td style=\"width: 237px;\">Andrea Pouzov\u00e1<\/td>\n<td style=\"width: 396.65px;\">\n<p class=\"p1\">Deputy Director, Economist<\/p>\n<\/td>\n<td style=\"width: 250.34px;\"><a href=\"mailto: ekonom@mv.atelierzidlicky.eu\">pouzova@mv.atelierzidlicky.eu<\/a><\/td>\n<\/tr>\n<tr>\n<td style=\"width: 237px;\">Ivana Flekov\u00e1<\/td>\n<td style=\"width: 396.65px;\">\n<p class=\"p1\">Organisation Officer<\/p>\n<\/td>\n<td style=\"width: 250.34px;\"><a href=\"mailto: flekova@mv.atelierzidlicky.eu\">flekova@mv.atelierzidlicky.eu<\/a><\/td>\n<\/tr>\n<tr>\n<td style=\"width: 237px;\">Mgr. Jitka Hor\u00e1kov\u00e1<\/td>\n<td style=\"width: 396.65px;\">\n<p class=\"p1\">Museum Educator<\/p>\n<\/td>\n<td style=\"width: 250.34px;\"><a href=\"mailto:horakova@mv.atelierzidlicky.eu\">horakova@mv.atelierzidlicky.eu<\/a><\/td>\n<\/tr>\n<tr>\n<td style=\"width: 237px;\">Rudolf Grenar<\/td>\n<td style=\"width: 396.65px;\">\n<p class=\"p1\">Accountant, Box Office Attendant<\/p>\n<\/td>\n<td style=\"width: 250.34px;\"><a href=\"mailto:technik@mv.atelierzidlicky.eu\">technik@mv.atelierzidlicky.eu<\/a><\/td>\n<\/tr>\n<tr>\n<td style=\"width: 237px;\">Simona Doupovcov\u00e1<\/td>\n<td style=\"width: 396.65px;\">\n<p class=\"p1\">Box Office Attendant<\/p>\n<\/td>\n<td style=\"width: 250.34px;\"><a href=\"mailto:ucetni@mv.atelierzidlicky.eu\">ucetni@mv.atelierzidlicky.eu<\/a><\/td>\n<\/tr>\n<tr>\n<td style=\"width: 237px;\">Jitka Musilov\u00e1<\/td>\n<td style=\"width: 396.65px;\">Box Office Attendant<\/td>\n<td style=\"width: 250.34px;\"><a href=\"mailto:musilova@mv.atelierzidlicky.eu\">musilova@mv.atelierzidlicky.eu<\/a><\/td>\n<\/tr>\n<tr>\n<td style=\"width: 237px;\"><\/td>\n<td style=\"width: 396.65px;\">\n<p class=\"p1\">Box Office Attendant, Guide, St. Anne\u2019s Chapel<br \/>\n<b>Tel: +420&nbsp;732\u00a0596\u00a0850<\/b><\/p>\n<\/td>\n<td style=\"width: 250.34px;\"><a href=\"http:\/\/pruvodce@mv.atelierzidlicky.eu\">pruvodce@mv.atelierzidlicky.eu<\/a><\/td>\n<\/tr>\n<tr>\n<td style=\"width: 237px;\">Mgr. Bc. Miroslav Nedorostek, Ph.D.<\/td>\n<td style=\"width: 396.65px;\">\n<p class=\"p1\">Historian, Head of the Expert Activities Department<\/p>\n<\/td>\n<td style=\"width: 250.34px;\"><a href=\"mailto:historik@mv.atelierzidlicky.eu\">historik@mv.atelierzidlicky.eu<\/a><\/td>\n<\/tr>\n<tr>\n<td style=\"width: 237px;\">Mgr. Kl\u00e1ra Ryb\u00e1\u0159ov\u00e1<\/td>\n<td style=\"width: 396.65px;\">\n<p class=\"p1\">Archaeologist, Archaeological Collection Curator<\/p>\n<\/td>\n<td style=\"width: 250.34px;\"><a href=\"mailto: rybarova@mv.atelierzidlicky.eu\">rybarova@mv.atelierzidlicky.eu<\/a><\/td>\n<\/tr>\n<tr>\n<td style=\"width: 237px;\">Mgr. Zde\u0148ka Je\u0159\u00e1bkov\u00e1<\/td>\n<td style=\"width: 396.65px;\">\n<p class=\"p1\">Art Historian, Art Collection, Photo Archive and Documentation Curator<\/p>\n<\/td>\n<td style=\"width: 250.34px;\"><a href=\"mailto: jerabkova@mv.atelierzidlicky.eu\">jerabkova@mv.atelierzidlicky.eu<\/a><\/td>\n<\/tr>\n<tr>\n<td style=\"width: 237px;\">Mgr. Eli\u0161ka Noh\u00e1lov\u00e1<\/td>\n<td style=\"width: 396.65px;\">\n<p class=\"p1\">Ethnographer, Librarian<\/p>\n<\/td>\n<td style=\"width: 250.34px;\"><a href=\"mailto:etnograf@mv.atelierzidlicky.eu\">etnograf@mv.atelierzidlicky.eu<\/a><\/td>\n<\/tr>\n<tr>\n<td style=\"width: 237px;\">Bc. Martina Holzerov\u00e1, DiS.<\/td>\n<td style=\"width: 396.65px;\">\n<p class=\"p1\">Conservator<\/p>\n<\/td>\n<td style=\"width: 250.34px;\"><a href=\"mailto:konzervatorka@mv.atelierzidlicky.eu\">konzervatorka@mv.atelierzidlicky.eu<\/a><\/td>\n<\/tr>\n<tr>\n<td style=\"width: 237px;\">Bc. Petra Mand\u00edkov\u00e1<\/td>\n<td style=\"width: 396.65px;\">\n<p class=\"p1\">PR, Head of the Detached Workplace at the Bu\u010dovice Museum<br \/>\n<b>Tel: +420&nbsp;737\u00a0595\u00a0937<\/b><\/p>\n<\/td>\n<td style=\"width: 250.34px;\"><a href=\"mailto:pr@mv.atelierzidlicky.eu\">pr@mv.atelierzidlicky.eu<\/a><\/td>\n<\/tr>\n<tr>\n<td style=\"width: 237px;\">Mgr. Lubom\u00edr Vr\u00e1na<\/td>\n<td style=\"width: 396.65px;\">\n<p class=\"p1\">Documentalist, Museum Educator, Depository Manager, the Bu\u010dovice Museum<br \/>\n<b>Tel: +420&nbsp;702\u00a0013\u00a0811<\/b><\/p>\n<\/td>\n<td style=\"width: 250.34px;\"><a href=\"mailto:vrana@mv.atelierzidlicky.eu\">vrana@mv.atelierzidlicky.eu<\/a><\/td>\n<\/tr>\n<tr>\n<td style=\"width: 237px;\">RNDr. Michaela Kr\u00e1l\u00edkov\u00e1, Ph.D.<\/td>\n<td style=\"width: 396.65px;\">\n<p class=\"p1\">Historian, Bu\u010dovice Museum Collection Curator<\/p>\n<\/td>\n<td style=\"width: 250.34px;\"><a href=\"mailto:kralikova@mv.atelierzidlicky.eu\">kralikova@mv.atelierzidlicky.eu<\/a><\/td>\n<\/tr>\n<\/tbody>\n<\/table>\n","protected":false},"excerpt":{"rendered":"<p>The Museum of the Vy\u0161kov Region a&nbsp;contributory organisation n\u00e1m\u011bst\u00ed \u010csl. arm\u00e1dy 475\/2, Vy\u0161kov-M\u011bsto 682&nbsp;01 Vy\u0161kov Bank details: Komer\u010dn\u00ed banka, a.s., account No. 1932731\/0100 reg. No.: 00092401, VAT: we are not VAT registered Data box identifier: 34nk6gk tel.: +420&nbsp;517&nbsp;348&nbsp;040, box office tel.: +420&nbsp;720&nbsp;955&nbsp;680 e-mail: mv@mv.atelierzidlicky.eu Contact information Parking: In front of the passage to chateau garden &#8230; <a title=\"Contact\" class=\"read-more\" href=\"https:\/\/mv.atelierzidlicky.eu\/en\/contact\/\" aria-label=\"Read more about Contact\">Read more<\/a><\/p>\n","protected":false},"author":4,"featured_media":0,"parent":0,"menu_order":84,"comment_status":"closed","ping_status":"closed","template":"page-simple.php","meta":{"_acf_changed":false,"footnotes":""},"class_list":["post-18640","page","type-page","status-publish"],"acf":[],"_links":{"self":[{"href":"https:\/\/mv.atelierzidlicky.eu\/en\/wp-json\/wp\/v2\/pages\/18640","targetHints":{"allow":["GET"]}}],"collection":[{"href":"https:\/\/mv.atelierzidlicky.eu\/en\/wp-json\/wp\/v2\/pages"}],"about":[{"href":"https:\/\/mv.atelierzidlicky.eu\/en\/wp-json\/wp\/v2\/types\/page"}],"author":[{"embeddable":true,"href":"https:\/\/mv.atelierzidlicky.eu\/en\/wp-json\/wp\/v2\/users\/4"}],"replies":[{"embeddable":true,"href":"https:\/\/mv.atelierzidlicky.eu\/en\/wp-json\/wp\/v2\/comments?post=18640"}],"version-history":[{"count":10,"href":"https:\/\/mv.atelierzidlicky.eu\/en\/wp-json\/wp\/v2\/pages\/18640\/revisions"}],"predecessor-version":[{"id":18812,"href":"https:\/\/mv.atelierzidlicky.eu\/en\/wp-json\/wp\/v2\/pages\/18640\/revisions\/18812"}],"wp:attachment":[{"href":"https:\/\/mv.atelierzidlicky.eu\/en\/wp-json\/wp\/v2\/media?parent=18640"}],"curies":[{"name":"wp","href":"https:\/\/api.w.org\/{rel}","templated":true}]}}