{"id":18621,"date":"2011-10-13T15:38:09","date_gmt":"2011-10-13T13:38:09","guid":{"rendered":"https:\/\/mv.atelierzidlicky.eu\/collections\/priroda\/"},"modified":"2025-06-30T14:01:03","modified_gmt":"2025-06-30T12:01:03","slug":"nature","status":"publish","type":"page","link":"https:\/\/mv.atelierzidlicky.eu\/en\/collections\/nature\/","title":{"rendered":"Nature"},"content":{"rendered":"<h2 class=\"p1\">Natural history sub-collection<\/h2>\n<p class=\"p1\">The natural history sub-collection focuses mainly on botany. The herbarium of embryophytes (land plants) was started by Dr. V\u00e1clav Sk\u0159iv\u00e1nek, continued by head teacher Veleslav Lang, and followed by RNDr. Vlastimil Tlust\u00e1k and RNDr. Jind\u0159ich Hanousek. Another important part of the museum are the paleontological collections, especially from the Culm area. They were put together by Veleslav Lang. The collections also include finds from the Tertiary period, represented mainly by fossils from the coast of the former sea. In the past, zoological specimens were often obtained from school cabinets as they were being discarded. Some dermoplastic specimens were also acquired from estates while others were for exhibition purposes. The mineral collection is also interesting.<span class=\"Apple-converted-space\">\u00a0<\/span><\/p>\n<p class=\"p1\">Areas: the Vy\u0161kov Region, the Vy\u0161kov Gate, Drahansk\u00e1 vrchovina Highlands, Liten\u010dick\u00e1 pahorkatina Hills, the \u017dd\u00e1nice Forest and all territories that connect these geographical units or belong to their surroundings. As comparative material, the sub-collection contains items (mainly herbarium ones) from other territories, most of them from the Czech Republic.<\/p>\n<figure id=\"attachment_1185\" aria-describedby=\"caption-attachment-1185\" style=\"width: 438px\" class=\"wp-caption alignnone\"><a href=\"https:\/\/mv.atelierzidlicky.eu\/wp-content\/uploads\/Zkamenelina-z-kulmskych-bridlic.jpg\"><img loading=\"lazy\" decoding=\"async\" class=\"size-full wp-image-1185 \" title=\"Palvun - zkamenelina z kulmskych bridlic\" src=\"https:\/\/mv.atelierzidlicky.eu\/wp-content\/uploads\/Zkamenelina-z-kulmskych-bridlic.jpg\" alt=\"\" width=\"448\" height=\"298\" srcset=\"https:\/\/mv.atelierzidlicky.eu\/wp-content\/uploads\/Zkamenelina-z-kulmskych-bridlic.jpg 800w, https:\/\/mv.atelierzidlicky.eu\/wp-content\/uploads\/Zkamenelina-z-kulmskych-bridlic-225x150.jpg 225w, https:\/\/mv.atelierzidlicky.eu\/wp-content\/uploads\/Zkamenelina-z-kulmskych-bridlic-300x199.jpg 300w\" sizes=\"auto, (max-width: 448px) 100vw, 448px\" \/><\/a><figcaption id=\"caption-attachment-1185\" class=\"wp-caption-text\">Lycopodium \u2013 a&nbsp;fossil from Lower Carboniferous slate<\/figcaption><\/figure>\n<figure id=\"attachment_1184\" aria-describedby=\"caption-attachment-1184\" style=\"width: 438px\" class=\"wp-caption alignnone\"><a href=\"https:\/\/mv.atelierzidlicky.eu\/wp-content\/uploads\/Lastury.jpg\"><img loading=\"lazy\" decoding=\"async\" class=\"size-full wp-image-1184 \" title=\"Lastury z tretihornich morskych usazenin\" src=\"https:\/\/mv.atelierzidlicky.eu\/wp-content\/uploads\/Lastury.jpg\" alt=\"\" width=\"448\" height=\"298\" srcset=\"https:\/\/mv.atelierzidlicky.eu\/wp-content\/uploads\/Lastury.jpg 800w, https:\/\/mv.atelierzidlicky.eu\/wp-content\/uploads\/Lastury-225x150.jpg 225w, https:\/\/mv.atelierzidlicky.eu\/wp-content\/uploads\/Lastury-300x199.jpg 300w\" sizes=\"auto, (max-width: 448px) 100vw, 448px\" \/><\/a><figcaption id=\"caption-attachment-1184\" class=\"wp-caption-text\">Shells from Tertiary marine sediments<span class=\"Apple-converted-space\">\u00a0<\/span><\/figcaption><\/figure>\n<figure id=\"attachment_1183\" aria-describedby=\"caption-attachment-1183\" style=\"width: 252px\" class=\"wp-caption alignnone\"><a href=\"https:\/\/mv.atelierzidlicky.eu\/wp-content\/uploads\/Jesterka-zelena.jpg\"><img loading=\"lazy\" decoding=\"async\" class=\"size-full wp-image-1183 \" title=\"Jesterka zelena, na Vyskovsku se vzacneji vyskytuj\u00edci v teplejsich oblastech \" src=\"https:\/\/mv.atelierzidlicky.eu\/wp-content\/uploads\/Jesterka-zelena.jpg\" alt=\"\" width=\"262\" height=\"392\" srcset=\"https:\/\/mv.atelierzidlicky.eu\/wp-content\/uploads\/Jesterka-zelena.jpg 467w, https:\/\/mv.atelierzidlicky.eu\/wp-content\/uploads\/Jesterka-zelena-100x150.jpg 100w, https:\/\/mv.atelierzidlicky.eu\/wp-content\/uploads\/Jesterka-zelena-200x300.jpg 200w\" sizes=\"auto, (max-width: 262px) 100vw, 262px\" \/><\/a><figcaption id=\"caption-attachment-1183\" class=\"wp-caption-text\">A&nbsp;European green lizard<span class=\"Apple-converted-space\">\u00a0<\/span><\/figcaption><\/figure>\n","protected":false},"excerpt":{"rendered":"<p>Natural history sub-collection The natural history sub-collection focuses mainly on botany. The herbarium of embryophytes (land plants) was started by Dr. V\u00e1clav Sk\u0159iv\u00e1nek, continued by head teacher Veleslav Lang, and followed by RNDr. Vlastimil Tlust\u00e1k and RNDr. Jind\u0159ich Hanousek. Another important part of the museum are the paleontological collections, especially from the Culm area. They &#8230; <a title=\"Nature\" class=\"read-more\" href=\"https:\/\/mv.atelierzidlicky.eu\/en\/collections\/nature\/\" aria-label=\"Read more about Nature\">Read more<\/a><\/p>\n","protected":false},"author":4,"featured_media":0,"parent":18613,"menu_order":46,"comment_status":"closed","ping_status":"closed","template":"","meta":{"_acf_changed":false,"footnotes":""},"class_list":["post-18621","page","type-page","status-publish"],"acf":[],"_links":{"self":[{"href":"https:\/\/mv.atelierzidlicky.eu\/en\/wp-json\/wp\/v2\/pages\/18621","targetHints":{"allow":["GET"]}}],"collection":[{"href":"https:\/\/mv.atelierzidlicky.eu\/en\/wp-json\/wp\/v2\/pages"}],"about":[{"href":"https:\/\/mv.atelierzidlicky.eu\/en\/wp-json\/wp\/v2\/types\/page"}],"author":[{"embeddable":true,"href":"https:\/\/mv.atelierzidlicky.eu\/en\/wp-json\/wp\/v2\/users\/4"}],"replies":[{"embeddable":true,"href":"https:\/\/mv.atelierzidlicky.eu\/en\/wp-json\/wp\/v2\/comments?post=18621"}],"version-history":[{"count":2,"href":"https:\/\/mv.atelierzidlicky.eu\/en\/wp-json\/wp\/v2\/pages\/18621\/revisions"}],"predecessor-version":[{"id":18713,"href":"https:\/\/mv.atelierzidlicky.eu\/en\/wp-json\/wp\/v2\/pages\/18621\/revisions\/18713"}],"up":[{"embeddable":true,"href":"https:\/\/mv.atelierzidlicky.eu\/en\/wp-json\/wp\/v2\/pages\/18613"}],"wp:attachment":[{"href":"https:\/\/mv.atelierzidlicky.eu\/en\/wp-json\/wp\/v2\/media?parent=18621"}],"curies":[{"name":"wp","href":"https:\/\/api.w.org\/{rel}","templated":true}]}}