{"id":18618,"date":"2011-10-13T15:38:01","date_gmt":"2011-10-13T13:38:01","guid":{"rendered":"https:\/\/mv.atelierzidlicky.eu\/collections\/vytvarne-umeni\/"},"modified":"2025-02-11T14:45:54","modified_gmt":"2025-02-11T13:45:54","slug":"fine-arts","status":"publish","type":"page","link":"https:\/\/mv.atelierzidlicky.eu\/en\/collections\/fine-arts\/","title":{"rendered":"Fine Arts"},"content":{"rendered":"<h2 class=\"p1\">The History and Art Collection, Art Section<span class=\"Apple-converted-space\">\u00a0<\/span><\/h2>\n<p class=\"p1\">Collection items include paintings, prints, drawings, sculptures, and historical photographs. Central European paintings and sculptures of outstanding artistic value, as well as works by regional artists are represented.<\/p>\n<p class=\"p1\">The oldest painting is a&nbsp;Renaissance Madonna on wood from the first half of the 16th century by Flemish painter Lambert Lombard, who was an important figure in the development of the Antwerp School. Among his disciples was Frans Floris, who became a&nbsp;very famous Flemish painter. The museum houses a&nbsp;large collection of paintings from the Baroque period.<\/p>\n<p class=\"p1\">Towards the end of the 17th century, the paintings &#8216;Diana, the Queen of Nature&#8217; and &#8216;In Vulcan&#8217;s&nbsp;Workshop&#8217; were painted in Italy. The 18th century is represented by biblical themes, portraits, and landscapes. Portraits of Leopold I, Joseph I, Charles VI, and Maria Theresa depict the important Habsburg family. Among the bishops of Olomouc are paintings depicting Protasius von Boskowitz und \u010cernahora, Hannibal Wolfgang Schrattenbach, Jakob Ernst von Liechtenstein-Kastelkorn, Ferdinand Julius von Troyer, and Maximilian Hamilton. Inside the museum, you can see a&nbsp;painting of the Teaching of the Virgin Mary, painted by Franti\u0161ek Vav\u0159inec Korompay.<\/p>\n<p class=\"p1\">Among other pieces, the painting of the &#8216;Adoration of the Virgin Mary&#8217; by Franti\u0161ek Anton\u00edn Sebastini-\u0160ebesta is noteworthy. One of the most important works of late Baroque painting is St. Florian by the Austrian painter Franz Anton Maulbertsch.<\/p>\n<p class=\"p1\">Portrait paintings in the 19th century were mainly commissioned. The painting of writer Johanna Bischoff, n\u00e9e Kuh, (1798\u20131891), is from the first half of the 19th century. The portrait, representing the later writer and wife of prominent physician Ignaz Rudolf Bischoff von Altenstern as a&nbsp;girl, is an example of a&nbsp;quality Viennese painting. The painting &#8216;Mountain Brook in the Salzkammergut near Berchtesgaden&#8217; was painted in the 1870s by Albert Rieger, an Austrian landscape painter and lithographer. Vojta Hlav\u00e1\u010dek\u2019s painting &#8216;Vy\u0161kov Square&#8217; documents Vy\u0161kov Square before the remodelling of the savings bank (1874) and the repairs made to the parish tower. The painting depicts the historical buildings on the square with arcades and attic gables. The painting is a&nbsp;rather rare historical document because Vy\u0161kov was affected by a&nbsp;large fire in 1917 that changed the character of its historical centre. The appearance of Vy\u0161kov Square before this event is known only from historical photographs, postcards, and surviving paintings. The 19th century is mainly represented by portrait paintings and paintings with religious themes. The museum also has a&nbsp;large collection of paintings from the 20th century. These are usually works by painters of the Vy\u0161kov Region and paintings thematically connected to the Vy\u0161kov Region.<\/p>\n<p class=\"p1\">Among the artists of the Vy\u0161kov Region, the most important painter is Anton\u00edn Proch\u00e1zka, whose works are also represented in the museum\u2019s collections. Two theatre curtains by Anton\u00edn Proch\u00e1zka are on display in the museum. The curtain &#8216;Family Happiness&#8217; is from Va\u017eany and contains silhouettes of dancing girls painted on the other side of the canvas. The second curtain from Moravsk\u00e9 Prusy is entitled &#8216;Vesna&#8217;. The museum\u2019s collections also include paintings by Franti\u0161ek Srp, Helena Bocho\u0159\u00e1kov\u00e1-Dittrichov\u00e1, Svatopluk Sou\u010dek, Ferdinand Kotvald, Josef Zamazal, Marie \u0160t&#8217;astn\u00e1, Josef Urb\u00e1nek, Petr Pi\u0161t\u011blka, Josef Kachl\u00edk, Ji\u0159\u00ed Homola, and Jan Hauber. There are 4 late Gothic sculptures in the collection, the most important of which is a&nbsp;polychrome woodcarving of the Madonna from around 1520. From a&nbsp;later period, there is an interesting Renaissance woodcarving of St. Wenceslas and a&nbsp;Rococo polychrome woodcarving of St. Rosalia. The 20th century is represented by sculptures by Bu\u010dovice carver Josef Sta\u0148ek. <span class=\"s1\">The most comprehensive set of drawings is the documentary cycle by Josef Kachl\u00edk. <\/span><\/p>\n<p class=\"p1\"><span class=\"s1\">He focused on Vy\u0161kov and other towns and villages in the region. He documented squares, streets, landmarks, and minor rural structures. A&nbsp;larger number of drawings were made by Svatopluk Sou\u010dek. He depicted different themes but his set of drawings depicting various crafts and craftsmen at work is interesting. Petr Pi\u0161t\u011blka focused on depicting various themes from village life, folk costumes, and structures. His prints feature varied subjects, authors, and techniques. Many of the graphic sheets are dedicated to different locations. A&nbsp;large set of graphic sheets is by Helena Bocho\u0159\u00e1kov\u00e1-Dittrichov\u00e1.<span class=\"Apple-converted-space\">\u00a0<\/span><\/span><\/p>\n<div id='gallery-1' class='gallery galleryid-18618 gallery-columns-3 gallery-size-thumbnail'><figure class='gallery-item'>\n\t\t\t<div class='gallery-icon portrait'>\n\t\t\t\t<a href='https:\/\/mv.atelierzidlicky.eu\/wp-content\/uploads\/Portret-kardinala-Ferdinanda-Julia-Troyera.jpg'><img loading=\"lazy\" decoding=\"async\" width=\"111\" height=\"150\" src=\"https:\/\/mv.atelierzidlicky.eu\/wp-content\/uploads\/Portret-kardinala-Ferdinanda-Julia-Troyera-111x150.jpg\" class=\"attachment-thumbnail size-thumbnail\" alt=\"\" aria-describedby=\"gallery-1-15408\" srcset=\"https:\/\/mv.atelierzidlicky.eu\/wp-content\/uploads\/Portret-kardinala-Ferdinanda-Julia-Troyera-111x150.jpg 111w, https:\/\/mv.atelierzidlicky.eu\/wp-content\/uploads\/Portret-kardinala-Ferdinanda-Julia-Troyera-223x300.jpg 223w, https:\/\/mv.atelierzidlicky.eu\/wp-content\/uploads\/Portret-kardinala-Ferdinanda-Julia-Troyera.jpg 521w\" sizes=\"auto, (max-width: 111px) 100vw, 111px\" \/><\/a>\n\t\t\t<\/div>\n\t\t\t\t<figcaption class='wp-caption-text gallery-caption' id='gallery-1-15408'>\n\t\t\t\tA portrait of Cardinal Ferdinand Julius von Troyer \n\t\t\t\t<\/figcaption><\/figure><figure class='gallery-item'>\n\t\t\t<div class='gallery-icon portrait'>\n\t\t\t\t<a href='https:\/\/mv.atelierzidlicky.eu\/wp-content\/uploads\/Obraz-portret-architekta-vyskovskeho-kostela-Nanebevzeti-P.-Marie-18.-stoleti-olej-platno.jpg'><img loading=\"lazy\" decoding=\"async\" width=\"121\" height=\"150\" src=\"https:\/\/mv.atelierzidlicky.eu\/wp-content\/uploads\/Obraz-portret-architekta-vyskovskeho-kostela-Nanebevzeti-P.-Marie-18.-stoleti-olej-platno-121x150.jpg\" class=\"attachment-thumbnail size-thumbnail\" alt=\"\" aria-describedby=\"gallery-1-15406\" srcset=\"https:\/\/mv.atelierzidlicky.eu\/wp-content\/uploads\/Obraz-portret-architekta-vyskovskeho-kostela-Nanebevzeti-P.-Marie-18.-stoleti-olej-platno-121x150.jpg 121w, https:\/\/mv.atelierzidlicky.eu\/wp-content\/uploads\/Obraz-portret-architekta-vyskovskeho-kostela-Nanebevzeti-P.-Marie-18.-stoleti-olej-platno-242x300.jpg 242w, https:\/\/mv.atelierzidlicky.eu\/wp-content\/uploads\/Obraz-portret-architekta-vyskovskeho-kostela-Nanebevzeti-P.-Marie-18.-stoleti-olej-platno.jpg 565w\" sizes=\"auto, (max-width: 121px) 100vw, 121px\" \/><\/a>\n\t\t\t<\/div>\n\t\t\t\t<figcaption class='wp-caption-text gallery-caption' id='gallery-1-15406'>\n\t\t\t\tA portrait of the architect of the Baroque remodelling of the Church of the Assumption of the Virgin Mary in Vy\u0161kov\n\t\t\t\t<\/figcaption><\/figure><figure class='gallery-item'>\n\t\t\t<div class='gallery-icon portrait'>\n\t\t\t\t<a href='https:\/\/mv.atelierzidlicky.eu\/wp-content\/uploads\/Obraz-Antonina-Prochazky-Pred-zrcadlem-kolem-1935-olej-piskova-pasty-tempera-platno.jpg'><img loading=\"lazy\" decoding=\"async\" width=\"112\" height=\"150\" src=\"https:\/\/mv.atelierzidlicky.eu\/wp-content\/uploads\/Obraz-Antonina-Prochazky-Pred-zrcadlem-kolem-1935-olej-piskova-pasty-tempera-platno-112x150.jpg\" class=\"attachment-thumbnail size-thumbnail\" alt=\"\" aria-describedby=\"gallery-1-15407\" srcset=\"https:\/\/mv.atelierzidlicky.eu\/wp-content\/uploads\/Obraz-Antonina-Prochazky-Pred-zrcadlem-kolem-1935-olej-piskova-pasty-tempera-platno-112x150.jpg 112w, https:\/\/mv.atelierzidlicky.eu\/wp-content\/uploads\/Obraz-Antonina-Prochazky-Pred-zrcadlem-kolem-1935-olej-piskova-pasty-tempera-platno-225x300.jpg 225w, https:\/\/mv.atelierzidlicky.eu\/wp-content\/uploads\/Obraz-Antonina-Prochazky-Pred-zrcadlem-kolem-1935-olej-piskova-pasty-tempera-platno.jpg 526w\" sizes=\"auto, (max-width: 112px) 100vw, 112px\" \/><\/a>\n\t\t\t<\/div>\n\t\t\t\t<figcaption class='wp-caption-text gallery-caption' id='gallery-1-15407'>\n\t\t\t\tAnton\u00edn Proch\u00e1zka\u2019s painting In Front of the Mirror\n\t\t\t\t<\/figcaption><\/figure><figure class='gallery-item'>\n\t\t\t<div class='gallery-icon portrait'>\n\t\t\t\t<a href='https:\/\/mv.atelierzidlicky.eu\/wp-content\/uploads\/Madona-pozdni-goticka-plastika-kolem-r.-1520.jpg'><img loading=\"lazy\" decoding=\"async\" width=\"105\" height=\"150\" src=\"https:\/\/mv.atelierzidlicky.eu\/wp-content\/uploads\/Madona-pozdni-goticka-plastika-kolem-r.-1520-105x150.jpg\" class=\"attachment-thumbnail size-thumbnail\" alt=\"\" aria-describedby=\"gallery-1-15405\" srcset=\"https:\/\/mv.atelierzidlicky.eu\/wp-content\/uploads\/Madona-pozdni-goticka-plastika-kolem-r.-1520-105x150.jpg 105w, https:\/\/mv.atelierzidlicky.eu\/wp-content\/uploads\/Madona-pozdni-goticka-plastika-kolem-r.-1520-210x300.jpg 210w, https:\/\/mv.atelierzidlicky.eu\/wp-content\/uploads\/Madona-pozdni-goticka-plastika-kolem-r.-1520.jpg 491w\" sizes=\"auto, (max-width: 105px) 100vw, 105px\" \/><\/a>\n\t\t\t<\/div>\n\t\t\t\t<figcaption class='wp-caption-text gallery-caption' id='gallery-1-15405'>\n\t\t\t\tMadonna, a late gothic sculpture\n\t\t\t\t<\/figcaption><\/figure><figure class='gallery-item'>\n\t\t\t<div class='gallery-icon portrait'>\n\t\t\t\t<a href='https:\/\/mv.atelierzidlicky.eu\/wp-content\/uploads\/Sv.-Krystof-pozdni-goticka-plastika-kolem-r.-1520.jpg'><img loading=\"lazy\" decoding=\"async\" width=\"108\" height=\"150\" src=\"https:\/\/mv.atelierzidlicky.eu\/wp-content\/uploads\/Sv.-Krystof-pozdni-goticka-plastika-kolem-r.-1520-108x150.jpg\" class=\"attachment-thumbnail size-thumbnail\" alt=\"\" aria-describedby=\"gallery-1-15409\" srcset=\"https:\/\/mv.atelierzidlicky.eu\/wp-content\/uploads\/Sv.-Krystof-pozdni-goticka-plastika-kolem-r.-1520-108x150.jpg 108w, https:\/\/mv.atelierzidlicky.eu\/wp-content\/uploads\/Sv.-Krystof-pozdni-goticka-plastika-kolem-r.-1520-216x300.jpg 216w, https:\/\/mv.atelierzidlicky.eu\/wp-content\/uploads\/Sv.-Krystof-pozdni-goticka-plastika-kolem-r.-1520.jpg 506w\" sizes=\"auto, (max-width: 108px) 100vw, 108px\" \/><\/a>\n\t\t\t<\/div>\n\t\t\t\t<figcaption class='wp-caption-text gallery-caption' id='gallery-1-15409'>\n\t\t\t\tSt. Christopher, a late Gothic sculpture \n\t\t\t\t<\/figcaption><\/figure>\n\t\t<\/div>\n\n","protected":false},"excerpt":{"rendered":"<p>The History and Art Collection, Art Section\u00a0 Collection items include paintings, prints, drawings, sculptures, and historical photographs. Central European paintings and sculptures of outstanding artistic value, as well as works by regional artists are represented. The oldest painting is a&nbsp;Renaissance Madonna on wood from the first half of the 16th century by Flemish painter Lambert &#8230; <a title=\"Fine Arts\" class=\"read-more\" href=\"https:\/\/mv.atelierzidlicky.eu\/en\/collections\/fine-arts\/\" aria-label=\"Read more about Fine Arts\">Read more<\/a><\/p>\n","protected":false},"author":4,"featured_media":0,"parent":18613,"menu_order":35,"comment_status":"closed","ping_status":"closed","template":"","meta":{"_acf_changed":false,"footnotes":""},"class_list":["post-18618","page","type-page","status-publish"],"acf":[],"_links":{"self":[{"href":"https:\/\/mv.atelierzidlicky.eu\/en\/wp-json\/wp\/v2\/pages\/18618","targetHints":{"allow":["GET"]}}],"collection":[{"href":"https:\/\/mv.atelierzidlicky.eu\/en\/wp-json\/wp\/v2\/pages"}],"about":[{"href":"https:\/\/mv.atelierzidlicky.eu\/en\/wp-json\/wp\/v2\/types\/page"}],"author":[{"embeddable":true,"href":"https:\/\/mv.atelierzidlicky.eu\/en\/wp-json\/wp\/v2\/users\/4"}],"replies":[{"embeddable":true,"href":"https:\/\/mv.atelierzidlicky.eu\/en\/wp-json\/wp\/v2\/comments?post=18618"}],"version-history":[{"count":1,"href":"https:\/\/mv.atelierzidlicky.eu\/en\/wp-json\/wp\/v2\/pages\/18618\/revisions"}],"predecessor-version":[{"id":18620,"href":"https:\/\/mv.atelierzidlicky.eu\/en\/wp-json\/wp\/v2\/pages\/18618\/revisions\/18620"}],"up":[{"embeddable":true,"href":"https:\/\/mv.atelierzidlicky.eu\/en\/wp-json\/wp\/v2\/pages\/18613"}],"wp:attachment":[{"href":"https:\/\/mv.atelierzidlicky.eu\/en\/wp-json\/wp\/v2\/media?parent=18618"}],"curies":[{"name":"wp","href":"https:\/\/api.w.org\/{rel}","templated":true}]}}