{"id":18615,"date":"2011-10-13T15:37:52","date_gmt":"2011-10-13T13:37:52","guid":{"rendered":"https:\/\/mv.atelierzidlicky.eu\/collections\/etnografie\/"},"modified":"2025-06-30T13:55:37","modified_gmt":"2025-06-30T11:55:37","slug":"ethnography","status":"publish","type":"page","link":"https:\/\/mv.atelierzidlicky.eu\/en\/collections\/ethnography\/","title":{"rendered":"Ethnography"},"content":{"rendered":"<h2 class=\"p1\">Ethnographic sub-collection<span class=\"Apple-converted-space\">\u00a0<\/span><\/h2>\n<p class=\"p1\">At present, the ethnographic sub-collection of the Museum of the Vy\u0161kov Region comprises more than 5,900 pieces. The largest and most important collection is the collection of Vy\u0161kov faience; together with other ceramic products, it contains over 1,800 pieces. The second largest collection is fabrics. In addition to the preserved fabrics from the Vy\u0161kov Region from the 19th century, one of the most valuable pieces is the Han\u00e1 embroidery from the collections of priest Jan Vyhl\u00eddal, and clothing items from the former German linguistic enclave are also represented. The collection also contains items related to crafts, household supplies, and small devotional prints. Art culture is inconsistently represented in the ethnographic sub-collection by underpaintings on glass, sculptures, Easter eggs, etc. Recently, a&nbsp;large collection of Easter eggs by Marie Pachtov\u00e1, a&nbsp;native of Vy\u0161kov, has been acquired. Less numerous collections in the ethnographic sub-collection include farming tools, religious objects, furniture, and traditional folk culture. Most of the collection items come from the area around Vy\u0161kov in the former Vy\u0161kov District. The collection also contains items from other parts of Moravia, especially Central Moravia, and occasionally also objects of Czech and Slovak provenance. The objects from Alois Musil\u2019s estate, a&nbsp;prominent Arabist and theologist, which he brought from the Middle East, stand out from the rest of the sub-collection in terms of their place of origin.<span class=\"Apple-converted-space\">\u00a0<\/span><\/p>\n<div id='gallery-1' class='gallery galleryid-18615 gallery-columns-3 gallery-size-thumbnail'><figure class='gallery-item'>\n\t\t\t<div class='gallery-icon landscape'>\n\t\t\t\t<a href='https:\/\/mv.atelierzidlicky.eu\/wp-content\/uploads\/Srostlik-manzelu-Janskych.jpg'><img loading=\"lazy\" decoding=\"async\" width=\"225\" height=\"150\" src=\"https:\/\/mv.atelierzidlicky.eu\/wp-content\/uploads\/Srostlik-manzelu-Janskych-225x150.jpg\" class=\"attachment-thumbnail size-thumbnail\" alt=\"\" aria-describedby=\"gallery-1-15400\" srcset=\"https:\/\/mv.atelierzidlicky.eu\/wp-content\/uploads\/Srostlik-manzelu-Janskych-225x150.jpg 225w, https:\/\/mv.atelierzidlicky.eu\/wp-content\/uploads\/Srostlik-manzelu-Janskych-300x199.jpg 300w, https:\/\/mv.atelierzidlicky.eu\/wp-content\/uploads\/Srostlik-manzelu-Janskych.jpg 800w\" sizes=\"auto, (max-width: 225px) 100vw, 225px\" \/><\/a>\n\t\t\t<\/div>\n\t\t\t\t<figcaption class='wp-caption-text gallery-caption' id='gallery-1-15400'>\n\t\t\t\tA double mug from Mr. and Mrs. J\u00e1nsk\u00fd \n\t\t\t\t<\/figcaption><\/figure><figure class='gallery-item'>\n\t\t\t<div class='gallery-icon portrait'>\n\t\t\t\t<a href='https:\/\/mv.atelierzidlicky.eu\/wp-content\/uploads\/Dzban-Paula-Somera.jpg'><img loading=\"lazy\" decoding=\"async\" width=\"100\" height=\"150\" src=\"https:\/\/mv.atelierzidlicky.eu\/wp-content\/uploads\/Dzban-Paula-Somera-100x150.jpg\" class=\"attachment-thumbnail size-thumbnail\" alt=\"\" aria-describedby=\"gallery-1-15397\" srcset=\"https:\/\/mv.atelierzidlicky.eu\/wp-content\/uploads\/Dzban-Paula-Somera-100x150.jpg 100w, https:\/\/mv.atelierzidlicky.eu\/wp-content\/uploads\/Dzban-Paula-Somera-200x300.jpg 200w, https:\/\/mv.atelierzidlicky.eu\/wp-content\/uploads\/Dzban-Paula-Somera.jpg 467w\" sizes=\"auto, (max-width: 100px) 100vw, 100px\" \/><\/a>\n\t\t\t<\/div>\n\t\t\t\t<figcaption class='wp-caption-text gallery-caption' id='gallery-1-15397'>\n\t\t\t\tPaul Somer\u2019s pitcher\n\t\t\t\t<\/figcaption><\/figure><figure class='gallery-item'>\n\t\t\t<div class='gallery-icon landscape'>\n\t\t\t\t<a href='https:\/\/mv.atelierzidlicky.eu\/wp-content\/uploads\/Kraslice.jpg'><img loading=\"lazy\" decoding=\"async\" width=\"225\" height=\"150\" src=\"https:\/\/mv.atelierzidlicky.eu\/wp-content\/uploads\/Kraslice-225x150.jpg\" class=\"attachment-thumbnail size-thumbnail\" alt=\"\" aria-describedby=\"gallery-1-15399\" srcset=\"https:\/\/mv.atelierzidlicky.eu\/wp-content\/uploads\/Kraslice-225x150.jpg 225w, https:\/\/mv.atelierzidlicky.eu\/wp-content\/uploads\/Kraslice-300x199.jpg 300w, https:\/\/mv.atelierzidlicky.eu\/wp-content\/uploads\/Kraslice.jpg 800w\" sizes=\"auto, (max-width: 225px) 100vw, 225px\" \/><\/a>\n\t\t\t<\/div>\n\t\t\t\t<figcaption class='wp-caption-text gallery-caption' id='gallery-1-15399'>\n\t\t\t\tEaster eggs\n\t\t\t\t<\/figcaption><\/figure><figure class='gallery-item'>\n\t\t\t<div class='gallery-icon portrait'>\n\t\t\t\t<a href='https:\/\/mv.atelierzidlicky.eu\/wp-content\/uploads\/Svatebni-a-rekrutske-kytky.jpg'><img loading=\"lazy\" decoding=\"async\" width=\"100\" height=\"150\" src=\"https:\/\/mv.atelierzidlicky.eu\/wp-content\/uploads\/Svatebni-a-rekrutske-kytky-100x150.jpg\" class=\"attachment-thumbnail size-thumbnail\" alt=\"\" aria-describedby=\"gallery-1-15398\" srcset=\"https:\/\/mv.atelierzidlicky.eu\/wp-content\/uploads\/Svatebni-a-rekrutske-kytky-100x150.jpg 100w, https:\/\/mv.atelierzidlicky.eu\/wp-content\/uploads\/Svatebni-a-rekrutske-kytky-200x300.jpg 200w, https:\/\/mv.atelierzidlicky.eu\/wp-content\/uploads\/Svatebni-a-rekrutske-kytky.jpg 467w\" sizes=\"auto, (max-width: 100px) 100vw, 100px\" \/><\/a>\n\t\t\t<\/div>\n\t\t\t\t<figcaption class='wp-caption-text gallery-caption' id='gallery-1-15398'>\n\t\t\t\tWedding and conscript flowers\n\t\t\t\t<\/figcaption><\/figure>\n\t\t<\/div>\n\n","protected":false},"excerpt":{"rendered":"<p>Ethnographic sub-collection\u00a0 At present, the ethnographic sub-collection of the Museum of the Vy\u0161kov Region comprises more than 5,900 pieces. The largest and most important collection is the collection of Vy\u0161kov faience; together with other ceramic products, it contains over 1,800 pieces. The second largest collection is fabrics. In addition to the preserved fabrics from the &#8230; <a title=\"Ethnography\" class=\"read-more\" href=\"https:\/\/mv.atelierzidlicky.eu\/en\/collections\/ethnography\/\" aria-label=\"Read more about Ethnography\">Read more<\/a><\/p>\n","protected":false},"author":4,"featured_media":0,"parent":18613,"menu_order":25,"comment_status":"closed","ping_status":"closed","template":"","meta":{"_acf_changed":false,"footnotes":""},"class_list":["post-18615","page","type-page","status-publish"],"acf":[],"_links":{"self":[{"href":"https:\/\/mv.atelierzidlicky.eu\/en\/wp-json\/wp\/v2\/pages\/18615","targetHints":{"allow":["GET"]}}],"collection":[{"href":"https:\/\/mv.atelierzidlicky.eu\/en\/wp-json\/wp\/v2\/pages"}],"about":[{"href":"https:\/\/mv.atelierzidlicky.eu\/en\/wp-json\/wp\/v2\/types\/page"}],"author":[{"embeddable":true,"href":"https:\/\/mv.atelierzidlicky.eu\/en\/wp-json\/wp\/v2\/users\/4"}],"replies":[{"embeddable":true,"href":"https:\/\/mv.atelierzidlicky.eu\/en\/wp-json\/wp\/v2\/comments?post=18615"}],"version-history":[{"count":2,"href":"https:\/\/mv.atelierzidlicky.eu\/en\/wp-json\/wp\/v2\/pages\/18615\/revisions"}],"predecessor-version":[{"id":18712,"href":"https:\/\/mv.atelierzidlicky.eu\/en\/wp-json\/wp\/v2\/pages\/18615\/revisions\/18712"}],"up":[{"embeddable":true,"href":"https:\/\/mv.atelierzidlicky.eu\/en\/wp-json\/wp\/v2\/pages\/18613"}],"wp:attachment":[{"href":"https:\/\/mv.atelierzidlicky.eu\/en\/wp-json\/wp\/v2\/media?parent=18615"}],"curies":[{"name":"wp","href":"https:\/\/api.w.org\/{rel}","templated":true}]}}