{"id":18607,"date":"2011-10-13T15:37:34","date_gmt":"2011-10-13T13:37:34","guid":{"rendered":"https:\/\/mv.atelierzidlicky.eu\/historie\/"},"modified":"2025-02-11T14:31:12","modified_gmt":"2025-02-11T13:31:12","slug":"history","status":"publish","type":"page","link":"https:\/\/mv.atelierzidlicky.eu\/en\/collections\/history\/","title":{"rendered":"History"},"content":{"rendered":"<h2 class=\"p1\">The History and Art Collection, History Section<\/h2>\n<p class=\"p1\">The historical sub-collection includes a&nbsp;wide range of two-dimensional and three-dimensional items with more than 17,700 pieces in total. They date mainly back to the 18th to 20th centuries, with the oldest item being from the 16th century. The main portion of the two-dimensional collections is represented by the written estate, the most important and most comprehensive of which is the estate of traveller and orientalist Alois Musil.<\/p>\n<p class=\"p1\">Other larger estates include those of Ctibor Helcelet, P.&nbsp;Jan Vyhl\u00eddal, MUDr. Jan Zh\u00e1n\u011bl, and more recently, Jan Kupka. Among the other documents, posters, maps and plans, and musical materials predominate. There is a&nbsp;significant collection of historical photographs. As for three-dimensional items, books are among the most numerous. These include mainly the Old Prints collection, the Natives and Compatriots collection and the Obzina Printing Shop collection. The Numismatics and Physical Education collections are valuable. Smaller in number, but still valuable collections include banners, uniforms, weapons and other militaria, craft tools, guild relics, furniture, pottery and porcelain, stone artefacts, technology, and household items. A&nbsp;unique set of cast relief decorations of bells from the villages of the Vy\u0161kov Region, acquired by Prof. Proch\u00e1zka in 1942, is definitely worth mentioning. The collection of contemporary documentation is regularly updated.<\/p>\n<div id='gallery-1' class='gallery galleryid-18607 gallery-columns-3 gallery-size-thumbnail'><figure class='gallery-item'>\n\t\t\t<div class='gallery-icon landscape'>\n\t\t\t\t<a href='https:\/\/mv.atelierzidlicky.eu\/wp-content\/uploads\/Jatagan.jpg'><img loading=\"lazy\" decoding=\"async\" width=\"224\" height=\"150\" src=\"https:\/\/mv.atelierzidlicky.eu\/wp-content\/uploads\/Jatagan-224x150.jpg\" class=\"attachment-thumbnail size-thumbnail\" alt=\"\" aria-describedby=\"gallery-1-15374\" srcset=\"https:\/\/mv.atelierzidlicky.eu\/wp-content\/uploads\/Jatagan-224x150.jpg 224w, https:\/\/mv.atelierzidlicky.eu\/wp-content\/uploads\/Jatagan-300x200.jpg 300w, https:\/\/mv.atelierzidlicky.eu\/wp-content\/uploads\/Jatagan.jpg 700w\" sizes=\"auto, (max-width: 224px) 100vw, 224px\" \/><\/a>\n\t\t\t<\/div>\n\t\t\t\t<figcaption class='wp-caption-text gallery-caption' id='gallery-1-15374'>\n\t\t\t\tYatagan\n\t\t\t\t<\/figcaption><\/figure><figure class='gallery-item'>\n\t\t\t<div class='gallery-icon landscape'>\n\t\t\t\t<a href='https:\/\/mv.atelierzidlicky.eu\/wp-content\/uploads\/Truhlice.jpg'><img loading=\"lazy\" decoding=\"async\" width=\"224\" height=\"150\" src=\"https:\/\/mv.atelierzidlicky.eu\/wp-content\/uploads\/Truhlice-224x150.jpg\" class=\"attachment-thumbnail size-thumbnail\" alt=\"\" aria-describedby=\"gallery-1-15380\" srcset=\"https:\/\/mv.atelierzidlicky.eu\/wp-content\/uploads\/Truhlice-224x150.jpg 224w, https:\/\/mv.atelierzidlicky.eu\/wp-content\/uploads\/Truhlice-300x200.jpg 300w, https:\/\/mv.atelierzidlicky.eu\/wp-content\/uploads\/Truhlice.jpg 700w\" sizes=\"auto, (max-width: 224px) 100vw, 224px\" \/><\/a>\n\t\t\t<\/div>\n\t\t\t\t<figcaption class='wp-caption-text gallery-caption' id='gallery-1-15380'>\n\t\t\t\tChests\n\t\t\t\t<\/figcaption><\/figure><figure class='gallery-item'>\n\t\t\t<div class='gallery-icon landscape'>\n\t\t\t\t<a href='https:\/\/mv.atelierzidlicky.eu\/wp-content\/uploads\/Herbar-Mathioli.jpg'><img loading=\"lazy\" decoding=\"async\" width=\"224\" height=\"150\" src=\"https:\/\/mv.atelierzidlicky.eu\/wp-content\/uploads\/Herbar-Mathioli-224x150.jpg\" class=\"attachment-thumbnail size-thumbnail\" alt=\"\" aria-describedby=\"gallery-1-15373\" srcset=\"https:\/\/mv.atelierzidlicky.eu\/wp-content\/uploads\/Herbar-Mathioli-224x150.jpg 224w, https:\/\/mv.atelierzidlicky.eu\/wp-content\/uploads\/Herbar-Mathioli-300x200.jpg 300w, https:\/\/mv.atelierzidlicky.eu\/wp-content\/uploads\/Herbar-Mathioli.jpg 700w\" sizes=\"auto, (max-width: 224px) 100vw, 224px\" \/><\/a>\n\t\t\t<\/div>\n\t\t\t\t<figcaption class='wp-caption-text gallery-caption' id='gallery-1-15373'>\n\t\t\t\tHerbarium Mathioli\n\t\t\t\t<\/figcaption><\/figure><figure class='gallery-item'>\n\t\t\t<div class='gallery-icon landscape'>\n\t\t\t\t<a href='https:\/\/mv.atelierzidlicky.eu\/wp-content\/uploads\/Medaile-IX.-Olympijskych-her.jpg'><img loading=\"lazy\" decoding=\"async\" width=\"150\" height=\"150\" src=\"https:\/\/mv.atelierzidlicky.eu\/wp-content\/uploads\/Medaile-IX.-Olympijskych-her-150x150.jpg\" class=\"attachment-thumbnail size-thumbnail\" alt=\"\" aria-describedby=\"gallery-1-15376\" srcset=\"https:\/\/mv.atelierzidlicky.eu\/wp-content\/uploads\/Medaile-IX.-Olympijskych-her-150x150.jpg 150w, https:\/\/mv.atelierzidlicky.eu\/wp-content\/uploads\/Medaile-IX.-Olympijskych-her-300x300.jpg 300w, https:\/\/mv.atelierzidlicky.eu\/wp-content\/uploads\/Medaile-IX.-Olympijskych-her.jpg 700w\" sizes=\"auto, (max-width: 150px) 100vw, 150px\" \/><\/a>\n\t\t\t<\/div>\n\t\t\t\t<figcaption class='wp-caption-text gallery-caption' id='gallery-1-15376'>\n\t\t\t\tMedals from the Games of the IX Olympiad\n\t\t\t\t<\/figcaption><\/figure><figure class='gallery-item'>\n\t\t\t<div class='gallery-icon landscape'>\n\t\t\t\t<a href='https:\/\/mv.atelierzidlicky.eu\/wp-content\/uploads\/Medaile-Prumyslove-vystavy-ve-Vyskove.jpg'><img loading=\"lazy\" decoding=\"async\" width=\"150\" height=\"150\" src=\"https:\/\/mv.atelierzidlicky.eu\/wp-content\/uploads\/Medaile-Prumyslove-vystavy-ve-Vyskove-150x150.jpg\" class=\"attachment-thumbnail size-thumbnail\" alt=\"\" aria-describedby=\"gallery-1-15377\" srcset=\"https:\/\/mv.atelierzidlicky.eu\/wp-content\/uploads\/Medaile-Prumyslove-vystavy-ve-Vyskove-150x150.jpg 150w, https:\/\/mv.atelierzidlicky.eu\/wp-content\/uploads\/Medaile-Prumyslove-vystavy-ve-Vyskove-300x300.jpg 300w, https:\/\/mv.atelierzidlicky.eu\/wp-content\/uploads\/Medaile-Prumyslove-vystavy-ve-Vyskove.jpg 700w\" sizes=\"auto, (max-width: 150px) 100vw, 150px\" \/><\/a>\n\t\t\t<\/div>\n\t\t\t\t<figcaption class='wp-caption-text gallery-caption' id='gallery-1-15377'>\n\t\t\t\tMedals from the Industrial Exhibition in Vy\u0161kov\n\t\t\t\t<\/figcaption><\/figure><figure class='gallery-item'>\n\t\t\t<div class='gallery-icon landscape'>\n\t\t\t\t<a href='https:\/\/mv.atelierzidlicky.eu\/wp-content\/uploads\/Prapor-Remeslnicko-zivnostenske-besedy-Svatopluk.jpg'><img loading=\"lazy\" decoding=\"async\" width=\"201\" height=\"150\" src=\"https:\/\/mv.atelierzidlicky.eu\/wp-content\/uploads\/Prapor-Remeslnicko-zivnostenske-besedy-Svatopluk-201x150.jpg\" class=\"attachment-thumbnail size-thumbnail\" alt=\"\" aria-describedby=\"gallery-1-15379\" srcset=\"https:\/\/mv.atelierzidlicky.eu\/wp-content\/uploads\/Prapor-Remeslnicko-zivnostenske-besedy-Svatopluk-201x150.jpg 201w, https:\/\/mv.atelierzidlicky.eu\/wp-content\/uploads\/Prapor-Remeslnicko-zivnostenske-besedy-Svatopluk-300x223.jpg 300w, https:\/\/mv.atelierzidlicky.eu\/wp-content\/uploads\/Prapor-Remeslnicko-zivnostenske-besedy-Svatopluk.jpg 700w\" sizes=\"auto, (max-width: 201px) 100vw, 201px\" \/><\/a>\n\t\t\t<\/div>\n\t\t\t\t<figcaption class='wp-caption-text gallery-caption' id='gallery-1-15379'>\n\t\t\t\tBattalion of the Svatopluk Crafts and Trade Association \n\t\t\t\t<\/figcaption><\/figure><figure class='gallery-item'>\n\t\t\t<div class='gallery-icon portrait'>\n\t\t\t\t<a href='https:\/\/mv.atelierzidlicky.eu\/wp-content\/uploads\/kniha-Karel-Capek-Italske-listy.jpg'><img loading=\"lazy\" decoding=\"async\" width=\"87\" height=\"150\" src=\"https:\/\/mv.atelierzidlicky.eu\/wp-content\/uploads\/kniha-Karel-Capek-Italske-listy-87x150.jpg\" class=\"attachment-thumbnail size-thumbnail\" alt=\"\" aria-describedby=\"gallery-1-15375\" srcset=\"https:\/\/mv.atelierzidlicky.eu\/wp-content\/uploads\/kniha-Karel-Capek-Italske-listy-87x150.jpg 87w, https:\/\/mv.atelierzidlicky.eu\/wp-content\/uploads\/kniha-Karel-Capek-Italske-listy-174x300.jpg 174w, https:\/\/mv.atelierzidlicky.eu\/wp-content\/uploads\/kniha-Karel-Capek-Italske-listy.jpg 408w\" sizes=\"auto, (max-width: 87px) 100vw, 87px\" \/><\/a>\n\t\t\t<\/div>\n\t\t\t\t<figcaption class='wp-caption-text gallery-caption' id='gallery-1-15375'>\n\t\t\t\tLetters from Italy by Karel \u010capek\n\t\t\t\t<\/figcaption><\/figure><figure class='gallery-item'>\n\t\t\t<div class='gallery-icon portrait'>\n\t\t\t\t<a href='https:\/\/mv.atelierzidlicky.eu\/wp-content\/uploads\/Nakres-Alois-Musil.jpg'><img loading=\"lazy\" decoding=\"async\" width=\"90\" height=\"150\" src=\"https:\/\/mv.atelierzidlicky.eu\/wp-content\/uploads\/Nakres-Alois-Musil-90x150.jpg\" class=\"attachment-thumbnail size-thumbnail\" alt=\"\" aria-describedby=\"gallery-1-15378\" srcset=\"https:\/\/mv.atelierzidlicky.eu\/wp-content\/uploads\/Nakres-Alois-Musil-90x150.jpg 90w, https:\/\/mv.atelierzidlicky.eu\/wp-content\/uploads\/Nakres-Alois-Musil-181x300.jpg 181w, https:\/\/mv.atelierzidlicky.eu\/wp-content\/uploads\/Nakres-Alois-Musil.jpg 424w\" sizes=\"auto, (max-width: 90px) 100vw, 90px\" \/><\/a>\n\t\t\t<\/div>\n\t\t\t\t<figcaption class='wp-caption-text gallery-caption' id='gallery-1-15378'>\n\t\t\t\tDrawings \u2013 Alois Musil\n\t\t\t\t<\/figcaption><\/figure>\n\t\t<\/div>\n\n","protected":false},"excerpt":{"rendered":"<p>The History and Art Collection, History Section The historical sub-collection includes a&nbsp;wide range of two-dimensional and three-dimensional items with more than 17,700 pieces in total. They date mainly back to the 18th to 20th centuries, with the oldest item being from the 16th century. The main portion of the two-dimensional collections is represented by the &#8230; <a title=\"History\" class=\"read-more\" href=\"https:\/\/mv.atelierzidlicky.eu\/en\/collections\/history\/\" aria-label=\"Read more about History\">Read more<\/a><\/p>\n","protected":false},"author":4,"featured_media":0,"parent":18613,"menu_order":8,"comment_status":"closed","ping_status":"closed","template":"","meta":{"_acf_changed":false,"footnotes":""},"class_list":["post-18607","page","type-page","status-publish"],"acf":[],"_links":{"self":[{"href":"https:\/\/mv.atelierzidlicky.eu\/en\/wp-json\/wp\/v2\/pages\/18607","targetHints":{"allow":["GET"]}}],"collection":[{"href":"https:\/\/mv.atelierzidlicky.eu\/en\/wp-json\/wp\/v2\/pages"}],"about":[{"href":"https:\/\/mv.atelierzidlicky.eu\/en\/wp-json\/wp\/v2\/types\/page"}],"author":[{"embeddable":true,"href":"https:\/\/mv.atelierzidlicky.eu\/en\/wp-json\/wp\/v2\/users\/4"}],"replies":[{"embeddable":true,"href":"https:\/\/mv.atelierzidlicky.eu\/en\/wp-json\/wp\/v2\/comments?post=18607"}],"version-history":[{"count":1,"href":"https:\/\/mv.atelierzidlicky.eu\/en\/wp-json\/wp\/v2\/pages\/18607\/revisions"}],"predecessor-version":[{"id":18609,"href":"https:\/\/mv.atelierzidlicky.eu\/en\/wp-json\/wp\/v2\/pages\/18607\/revisions\/18609"}],"up":[{"embeddable":true,"href":"https:\/\/mv.atelierzidlicky.eu\/en\/wp-json\/wp\/v2\/pages\/18613"}],"wp:attachment":[{"href":"https:\/\/mv.atelierzidlicky.eu\/en\/wp-json\/wp\/v2\/media?parent=18607"}],"curies":[{"name":"wp","href":"https:\/\/api.w.org\/{rel}","templated":true}]}}