{"id":18604,"date":"2011-10-31T14:17:13","date_gmt":"2011-10-31T13:17:13","guid":{"rendered":"https:\/\/mv.atelierzidlicky.eu\/exhibitions\/expozice-bucovice-v-dejinach\/"},"modified":"2025-06-30T13:43:14","modified_gmt":"2025-06-30T11:43:14","slug":"life-in-the-past-in-the-bucovice-region","status":"publish","type":"page","link":"https:\/\/mv.atelierzidlicky.eu\/en\/exhibitions\/life-in-the-past-in-the-bucovice-region\/","title":{"rendered":"Life in the Past in the Bu\u010dovice Region"},"content":{"rendered":"<h2 class=\"p1\">Life in the Past in the Bu\u010dovice Region<\/h2>\n<p class=\"p1\">We cordially invite you to visit the permanent exhibition entitled Life in the Past in the Bu\u010dovice Region in the Bu\u010dovice Museum. The Bu\u010dovice Museum is located on the grounds of a&nbsp;Renaissance chateau, on the third floor of the chateau\u2019s west wing. In 2019, a&nbsp;new exhibition opened in the museum. It introduces visitors both to the history and culture of Bu\u010dovice from prehistoric times to the 20th century, as well as to the flora and fauna of the region. The museum also has ethnographic collections on display, especially examples of local folk items and handicrafts.<\/p>\n<p class=\"p1\">The modern exhibition uses the current trends in museum management and meets high informative, scientific, educational and entertaining demands. Printed information in each room is complemented by electronic presentations; the comprehensive information is combined with a&nbsp;number of interactive elements suitable for visitors of different ages.<\/p>\n<p class=\"p1\">The concept of the exhibition is based on several basic aspects of human life, which form the themes of the individual rooms. These include the production and use of tools, weapons as a&nbsp;means of defence and combat, the construction of dwellings and their transformation into housing, and the region\u2019s social life, death and burial rituals. Visitors can learn about nature reserves, villages in the Bu\u010dovice Region, and local landmarks and archaeological sites from an electronic presentation located in the entrance area.<\/p>\n<p class=\"p1\">Accompanying activities will allow those interested to rub grain on a&nbsp;grain spreader or to grind grain on a&nbsp;replica of an early medieval quern-stone. The opportunity to shoot a&nbsp;crossbow will entertain children and adults alike. In the relaxation zone, you can find two working orchestrions and listen to them as you please. As a&nbsp;bonus, visitors can experience a&nbsp;view from above: from a&nbsp;replica of a&nbsp;late 19th century high wheel.<\/p>\n<p class=\"p1\">Both individuals and whole school groups, children camps, and other group organisations will find something to satisfy their curiosity. A&nbsp;programme has been prepared for them, which will take them through the history of prehistory and the Middle Ages in Bu\u010dovice. In a&nbsp;follow-up creative workshop, they can then make and take home their own souvenir such as a&nbsp;bracelet, wire or stone pendant, woven belt or clay vessel.<\/p>\n<p class=\"p1\">We are looking forward to seeing you!<\/p>\n<p class=\"p1\">The project is organised under the auspices of the Ministry of Culture of the Czech Republic.<\/p>\n<p class=\"p1\">Contact: <a href=\"http:\/\/tel.420702013811\">+420&nbsp;702&nbsp;013&nbsp;811<\/a><\/p>\n<p class=\"p1\">Text: RNDr. Michaela Kr\u00e1l\u00edkov\u00e1, Ph.D.<\/p>\n<div id='gallery-1' class='gallery galleryid-18604 gallery-columns-3 gallery-size-thumbnail'><figure class='gallery-item'>\n\t\t\t<div class='gallery-icon landscape'>\n\t\t\t\t<a href='https:\/\/mv.atelierzidlicky.eu\/wp-content\/uploads\/2019_24_9_otevreni-expozice-mb-114.jpg'><img loading=\"lazy\" decoding=\"async\" width=\"210\" height=\"150\" src=\"https:\/\/mv.atelierzidlicky.eu\/wp-content\/uploads\/2019_24_9_otevreni-expozice-mb-114-210x150.jpg\" class=\"attachment-thumbnail size-thumbnail\" alt=\"\" aria-describedby=\"gallery-1-17901\" srcset=\"https:\/\/mv.atelierzidlicky.eu\/wp-content\/uploads\/2019_24_9_otevreni-expozice-mb-114-210x150.jpg 210w, https:\/\/mv.atelierzidlicky.eu\/wp-content\/uploads\/2019_24_9_otevreni-expozice-mb-114-300x214.jpg 300w, https:\/\/mv.atelierzidlicky.eu\/wp-content\/uploads\/2019_24_9_otevreni-expozice-mb-114-768x548.jpg 768w, https:\/\/mv.atelierzidlicky.eu\/wp-content\/uploads\/2019_24_9_otevreni-expozice-mb-114-1024x730.jpg 1024w\" sizes=\"auto, (max-width: 210px) 100vw, 210px\" \/><\/a>\n\t\t\t<\/div>\n\t\t\t\t<figcaption class='wp-caption-text gallery-caption' id='gallery-1-17901'>\n\t\t\t\tAn exhibition on Life in the Past in the Bu\u010dovice Region\n\t\t\t\t<\/figcaption><\/figure><figure class='gallery-item'>\n\t\t\t<div class='gallery-icon landscape'>\n\t\t\t\t<a href='https:\/\/mv.atelierzidlicky.eu\/wp-content\/uploads\/2019_24_9_otevreni-expozice-mb-128.jpg'><img loading=\"lazy\" decoding=\"async\" width=\"200\" height=\"150\" src=\"https:\/\/mv.atelierzidlicky.eu\/wp-content\/uploads\/2019_24_9_otevreni-expozice-mb-128-200x150.jpg\" class=\"attachment-thumbnail size-thumbnail\" alt=\"\" aria-describedby=\"gallery-1-17904\" srcset=\"https:\/\/mv.atelierzidlicky.eu\/wp-content\/uploads\/2019_24_9_otevreni-expozice-mb-128-200x150.jpg 200w, https:\/\/mv.atelierzidlicky.eu\/wp-content\/uploads\/2019_24_9_otevreni-expozice-mb-128-300x225.jpg 300w, https:\/\/mv.atelierzidlicky.eu\/wp-content\/uploads\/2019_24_9_otevreni-expozice-mb-128-768x576.jpg 768w, https:\/\/mv.atelierzidlicky.eu\/wp-content\/uploads\/2019_24_9_otevreni-expozice-mb-128-1024x768.jpg 1024w\" sizes=\"auto, (max-width: 200px) 100vw, 200px\" \/><\/a>\n\t\t\t<\/div>\n\t\t\t\t<figcaption class='wp-caption-text gallery-caption' id='gallery-1-17904'>\n\t\t\t\tAn exhibition on Life in the Past in the Bu\u010dovice Region\n\t\t\t\t<\/figcaption><\/figure><figure class='gallery-item'>\n\t\t\t<div class='gallery-icon portrait'>\n\t\t\t\t<a href='https:\/\/mv.atelierzidlicky.eu\/wp-content\/uploads\/img_5945.jpg'><img loading=\"lazy\" decoding=\"async\" width=\"100\" height=\"150\" src=\"https:\/\/mv.atelierzidlicky.eu\/wp-content\/uploads\/img_5945-100x150.jpg\" class=\"attachment-thumbnail size-thumbnail\" alt=\"\" aria-describedby=\"gallery-1-17909\" srcset=\"https:\/\/mv.atelierzidlicky.eu\/wp-content\/uploads\/img_5945-100x150.jpg 100w, https:\/\/mv.atelierzidlicky.eu\/wp-content\/uploads\/img_5945-200x300.jpg 200w, https:\/\/mv.atelierzidlicky.eu\/wp-content\/uploads\/img_5945-768x1152.jpg 768w, https:\/\/mv.atelierzidlicky.eu\/wp-content\/uploads\/img_5945-683x1024.jpg 683w, https:\/\/mv.atelierzidlicky.eu\/wp-content\/uploads\/img_5945.jpg 1728w\" sizes=\"auto, (max-width: 100px) 100vw, 100px\" \/><\/a>\n\t\t\t<\/div>\n\t\t\t\t<figcaption class='wp-caption-text gallery-caption' id='gallery-1-17909'>\n\t\t\t\tAn exhibition on Life in the Past in the Bu\u010dovice Region\n\t\t\t\t<\/figcaption><\/figure><figure class='gallery-item'>\n\t\t\t<div class='gallery-icon landscape'>\n\t\t\t\t<a href='https:\/\/mv.atelierzidlicky.eu\/wp-content\/uploads\/img_5922.jpg'><img loading=\"lazy\" decoding=\"async\" width=\"225\" height=\"150\" src=\"https:\/\/mv.atelierzidlicky.eu\/wp-content\/uploads\/img_5922-225x150.jpg\" class=\"attachment-thumbnail size-thumbnail\" alt=\"\" aria-describedby=\"gallery-1-17908\" srcset=\"https:\/\/mv.atelierzidlicky.eu\/wp-content\/uploads\/img_5922-225x150.jpg 225w, https:\/\/mv.atelierzidlicky.eu\/wp-content\/uploads\/img_5922-300x200.jpg 300w, https:\/\/mv.atelierzidlicky.eu\/wp-content\/uploads\/img_5922-768x512.jpg 768w, https:\/\/mv.atelierzidlicky.eu\/wp-content\/uploads\/img_5922-1024x683.jpg 1024w\" sizes=\"auto, (max-width: 225px) 100vw, 225px\" \/><\/a>\n\t\t\t<\/div>\n\t\t\t\t<figcaption class='wp-caption-text gallery-caption' id='gallery-1-17908'>\n\t\t\t\tAn exhibition on Life in the Past in the Bu\u010dovice Region\n\t\t\t\t<\/figcaption><\/figure><figure class='gallery-item'>\n\t\t\t<div class='gallery-icon landscape'>\n\t\t\t\t<a href='https:\/\/mv.atelierzidlicky.eu\/wp-content\/uploads\/2019_24_9_otevreni-expozice-mb-117.jpg'><img loading=\"lazy\" decoding=\"async\" width=\"200\" height=\"150\" src=\"https:\/\/mv.atelierzidlicky.eu\/wp-content\/uploads\/2019_24_9_otevreni-expozice-mb-117-200x150.jpg\" class=\"attachment-thumbnail size-thumbnail\" alt=\"\" aria-describedby=\"gallery-1-17902\" srcset=\"https:\/\/mv.atelierzidlicky.eu\/wp-content\/uploads\/2019_24_9_otevreni-expozice-mb-117-200x150.jpg 200w, https:\/\/mv.atelierzidlicky.eu\/wp-content\/uploads\/2019_24_9_otevreni-expozice-mb-117-300x225.jpg 300w, https:\/\/mv.atelierzidlicky.eu\/wp-content\/uploads\/2019_24_9_otevreni-expozice-mb-117-768x576.jpg 768w, https:\/\/mv.atelierzidlicky.eu\/wp-content\/uploads\/2019_24_9_otevreni-expozice-mb-117-1024x768.jpg 1024w\" sizes=\"auto, (max-width: 200px) 100vw, 200px\" \/><\/a>\n\t\t\t<\/div>\n\t\t\t\t<figcaption class='wp-caption-text gallery-caption' id='gallery-1-17902'>\n\t\t\t\tAn exhibition on Life in the Past in the Bu\u010dovice Region\n\t\t\t\t<\/figcaption><\/figure><figure class='gallery-item'>\n\t\t\t<div class='gallery-icon portrait'>\n\t\t\t\t<a href='https:\/\/mv.atelierzidlicky.eu\/wp-content\/uploads\/img_5911.jpg'><img loading=\"lazy\" decoding=\"async\" width=\"100\" height=\"150\" src=\"https:\/\/mv.atelierzidlicky.eu\/wp-content\/uploads\/img_5911-100x150.jpg\" class=\"attachment-thumbnail size-thumbnail\" alt=\"\" aria-describedby=\"gallery-1-17906\" srcset=\"https:\/\/mv.atelierzidlicky.eu\/wp-content\/uploads\/img_5911-100x150.jpg 100w, https:\/\/mv.atelierzidlicky.eu\/wp-content\/uploads\/img_5911-200x300.jpg 200w, https:\/\/mv.atelierzidlicky.eu\/wp-content\/uploads\/img_5911-768x1152.jpg 768w, https:\/\/mv.atelierzidlicky.eu\/wp-content\/uploads\/img_5911-683x1024.jpg 683w, https:\/\/mv.atelierzidlicky.eu\/wp-content\/uploads\/img_5911.jpg 1728w\" sizes=\"auto, (max-width: 100px) 100vw, 100px\" \/><\/a>\n\t\t\t<\/div>\n\t\t\t\t<figcaption class='wp-caption-text gallery-caption' id='gallery-1-17906'>\n\t\t\t\tAn exhibition on Life in the Past in the Bu\u010dovice Region\n\t\t\t\t<\/figcaption><\/figure><figure class='gallery-item'>\n\t\t\t<div class='gallery-icon landscape'>\n\t\t\t\t<a href='https:\/\/mv.atelierzidlicky.eu\/wp-content\/uploads\/20190924_154731.jpg'><img loading=\"lazy\" decoding=\"async\" width=\"200\" height=\"150\" src=\"https:\/\/mv.atelierzidlicky.eu\/wp-content\/uploads\/20190924_154731-200x150.jpg\" class=\"attachment-thumbnail size-thumbnail\" alt=\"\" aria-describedby=\"gallery-1-17905\" srcset=\"https:\/\/mv.atelierzidlicky.eu\/wp-content\/uploads\/20190924_154731-200x150.jpg 200w, https:\/\/mv.atelierzidlicky.eu\/wp-content\/uploads\/20190924_154731-300x225.jpg 300w, https:\/\/mv.atelierzidlicky.eu\/wp-content\/uploads\/20190924_154731-768x576.jpg 768w, https:\/\/mv.atelierzidlicky.eu\/wp-content\/uploads\/20190924_154731-1024x768.jpg 1024w\" sizes=\"auto, (max-width: 200px) 100vw, 200px\" \/><\/a>\n\t\t\t<\/div>\n\t\t\t\t<figcaption class='wp-caption-text gallery-caption' id='gallery-1-17905'>\n\t\t\t\tAn exhibition on Life in the Past in the Bu\u010dovice Region\n\t\t\t\t<\/figcaption><\/figure><figure class='gallery-item'>\n\t\t\t<div class='gallery-icon landscape'>\n\t\t\t\t<a href='https:\/\/mv.atelierzidlicky.eu\/wp-content\/uploads\/2019_24_9_otevreni-expozice-mb-122.jpg'><img loading=\"lazy\" decoding=\"async\" width=\"202\" height=\"150\" src=\"https:\/\/mv.atelierzidlicky.eu\/wp-content\/uploads\/2019_24_9_otevreni-expozice-mb-122-202x150.jpg\" class=\"attachment-thumbnail size-thumbnail\" alt=\"\" aria-describedby=\"gallery-1-17903\" srcset=\"https:\/\/mv.atelierzidlicky.eu\/wp-content\/uploads\/2019_24_9_otevreni-expozice-mb-122-202x150.jpg 202w, https:\/\/mv.atelierzidlicky.eu\/wp-content\/uploads\/2019_24_9_otevreni-expozice-mb-122-300x223.jpg 300w, https:\/\/mv.atelierzidlicky.eu\/wp-content\/uploads\/2019_24_9_otevreni-expozice-mb-122-768x571.jpg 768w, https:\/\/mv.atelierzidlicky.eu\/wp-content\/uploads\/2019_24_9_otevreni-expozice-mb-122-1024x761.jpg 1024w\" sizes=\"auto, (max-width: 202px) 100vw, 202px\" \/><\/a>\n\t\t\t<\/div>\n\t\t\t\t<figcaption class='wp-caption-text gallery-caption' id='gallery-1-17903'>\n\t\t\t\tAn exhibition on Life in the Past in the Bu\u010dovice Region\n\t\t\t\t<\/figcaption><\/figure><figure class='gallery-item'>\n\t\t\t<div class='gallery-icon portrait'>\n\t\t\t\t<a href='https:\/\/mv.atelierzidlicky.eu\/wp-content\/uploads\/img_5917.jpg'><img loading=\"lazy\" decoding=\"async\" width=\"104\" height=\"150\" src=\"https:\/\/mv.atelierzidlicky.eu\/wp-content\/uploads\/img_5917-104x150.jpg\" class=\"attachment-thumbnail size-thumbnail\" alt=\"\" aria-describedby=\"gallery-1-17907\" srcset=\"https:\/\/mv.atelierzidlicky.eu\/wp-content\/uploads\/img_5917-104x150.jpg 104w, https:\/\/mv.atelierzidlicky.eu\/wp-content\/uploads\/img_5917-209x300.jpg 209w, https:\/\/mv.atelierzidlicky.eu\/wp-content\/uploads\/img_5917-768x1103.jpg 768w, https:\/\/mv.atelierzidlicky.eu\/wp-content\/uploads\/img_5917-713x1024.jpg 713w, https:\/\/mv.atelierzidlicky.eu\/wp-content\/uploads\/img_5917.jpg 1721w\" sizes=\"auto, (max-width: 104px) 100vw, 104px\" \/><\/a>\n\t\t\t<\/div>\n\t\t\t\t<figcaption class='wp-caption-text gallery-caption' id='gallery-1-17907'>\n\t\t\t\tAn exhibition on Life in the Past in the Bu\u010dovice Region\n\t\t\t\t<\/figcaption><\/figure><figure class='gallery-item'>\n\t\t\t<div class='gallery-icon landscape'>\n\t\t\t\t<a href='https:\/\/mv.atelierzidlicky.eu\/wp-content\/uploads\/zivotem_a_casem_po_bucovicku.jpg'><img loading=\"lazy\" decoding=\"async\" width=\"212\" height=\"150\" src=\"https:\/\/mv.atelierzidlicky.eu\/wp-content\/uploads\/zivotem_a_casem_po_bucovicku-212x150.jpg\" class=\"attachment-thumbnail size-thumbnail\" alt=\"\" aria-describedby=\"gallery-1-17893\" srcset=\"https:\/\/mv.atelierzidlicky.eu\/wp-content\/uploads\/zivotem_a_casem_po_bucovicku-212x150.jpg 212w, https:\/\/mv.atelierzidlicky.eu\/wp-content\/uploads\/zivotem_a_casem_po_bucovicku-300x212.jpg 300w, https:\/\/mv.atelierzidlicky.eu\/wp-content\/uploads\/zivotem_a_casem_po_bucovicku-768x544.jpg 768w, https:\/\/mv.atelierzidlicky.eu\/wp-content\/uploads\/zivotem_a_casem_po_bucovicku-1024x725.jpg 1024w\" sizes=\"auto, (max-width: 212px) 100vw, 212px\" \/><\/a>\n\t\t\t<\/div>\n\t\t\t\t<figcaption class='wp-caption-text gallery-caption' id='gallery-1-17893'>\n\t\t\t\tAn exhibition on Life in the Past in the Bu\u010dovice Region\n\t\t\t\t<\/figcaption><\/figure>\n\t\t<\/div>\n\n","protected":false},"excerpt":{"rendered":"<p>Life in the Past in the Bu\u010dovice Region We cordially invite you to visit the permanent exhibition entitled Life in the Past in the Bu\u010dovice Region in the Bu\u010dovice Museum. The Bu\u010dovice Museum is located on the grounds of a&nbsp;Renaissance chateau, on the third floor of the chateau\u2019s west wing. In 2019, a&nbsp;new exhibition opened &#8230; <a title=\"Life in the Past in the Bu\u010dovice Region\" class=\"read-more\" href=\"https:\/\/mv.atelierzidlicky.eu\/en\/exhibitions\/life-in-the-past-in-the-bucovice-region\/\" aria-label=\"Read more about Life in the Past in the Bu\u010dovice Region\">Read more<\/a><\/p>\n","protected":false},"author":4,"featured_media":0,"parent":18555,"menu_order":74,"comment_status":"closed","ping_status":"closed","template":"","meta":{"_acf_changed":false,"footnotes":""},"class_list":["post-18604","page","type-page","status-publish"],"acf":[],"_links":{"self":[{"href":"https:\/\/mv.atelierzidlicky.eu\/en\/wp-json\/wp\/v2\/pages\/18604","targetHints":{"allow":["GET"]}}],"collection":[{"href":"https:\/\/mv.atelierzidlicky.eu\/en\/wp-json\/wp\/v2\/pages"}],"about":[{"href":"https:\/\/mv.atelierzidlicky.eu\/en\/wp-json\/wp\/v2\/types\/page"}],"author":[{"embeddable":true,"href":"https:\/\/mv.atelierzidlicky.eu\/en\/wp-json\/wp\/v2\/users\/4"}],"replies":[{"embeddable":true,"href":"https:\/\/mv.atelierzidlicky.eu\/en\/wp-json\/wp\/v2\/comments?post=18604"}],"version-history":[{"count":4,"href":"https:\/\/mv.atelierzidlicky.eu\/en\/wp-json\/wp\/v2\/pages\/18604\/revisions"}],"predecessor-version":[{"id":18706,"href":"https:\/\/mv.atelierzidlicky.eu\/en\/wp-json\/wp\/v2\/pages\/18604\/revisions\/18706"}],"up":[{"embeddable":true,"href":"https:\/\/mv.atelierzidlicky.eu\/en\/wp-json\/wp\/v2\/pages\/18555"}],"wp:attachment":[{"href":"https:\/\/mv.atelierzidlicky.eu\/en\/wp-json\/wp\/v2\/media?parent=18604"}],"curies":[{"name":"wp","href":"https:\/\/api.w.org\/{rel}","templated":true}]}}