{"id":18562,"date":"2011-10-13T16:30:04","date_gmt":"2011-10-13T14:30:04","guid":{"rendered":"https:\/\/mv.atelierzidlicky.eu\/domu\/muzeum-bucovice\/"},"modified":"2025-02-11T11:46:20","modified_gmt":"2025-02-11T10:46:20","slug":"the-bucovice-museum","status":"publish","type":"page","link":"https:\/\/mv.atelierzidlicky.eu\/en\/domu\/the-bucovice-museum\/","title":{"rendered":"The Bu\u010dovice Museum"},"content":{"rendered":"<p class=\"p1\"><strong>We would like to invite you to visit the permanent exhibition on Life in the Past in the Bu\u010dovice Region.<\/strong><\/p>\n<p class=\"p1\">The exhibition presents the life of the Bu\u010dovice Region\u2019s locals through thematic areas that deal with the most important aspects of human life throughout history. Settling of the landscape and its economic development, building settlements in the area, military events, social life, death, and burial rites. Visitors will be guided by Jan \u0160embera from Boskovice, famous both for the construction of the local chateau and for the way of life that made him a&nbsp;part of the local legends.<\/p>\n<p class=\"p1\">The exhibition continues into the exhibition hall, where short-term exhibitions of the museum are housed.<\/p>\n<p><strong>\u00a0<\/strong><\/p>\n<figure id=\"attachment_458\" aria-describedby=\"caption-attachment-458\" style=\"width: 540px\" class=\"wp-caption alignnone\"><a style=\"text-align: center; background-color: #f3f3f3;\" href=\"https:\/\/mv.atelierzidlicky.eu\/wp-content\/uploads\/IMG_1835.jpg\"><img loading=\"lazy\" decoding=\"async\" class=\"size-full wp-image-458 \" title=\"Muzeum Bucovice, vstup z arkady\" src=\"https:\/\/mv.atelierzidlicky.eu\/wp-content\/uploads\/IMG_1835.jpg\" alt=\"\" width=\"550\" height=\"367\" srcset=\"https:\/\/mv.atelierzidlicky.eu\/wp-content\/uploads\/IMG_1835.jpg 550w, https:\/\/mv.atelierzidlicky.eu\/wp-content\/uploads\/IMG_1835-224x150.jpg 224w, https:\/\/mv.atelierzidlicky.eu\/wp-content\/uploads\/IMG_1835-300x200.jpg 300w\" sizes=\"auto, (max-width: 550px) 100vw, 550px\" \/><\/a><figcaption id=\"caption-attachment-458\" class=\"wp-caption-text\">The Bu\u010dovice Museum, entrance from the arcade<\/figcaption><\/figure>\n<figure id=\"attachment_4413\" aria-describedby=\"caption-attachment-4413\" style=\"width: 352px\" class=\"wp-caption alignnone\"><a href=\"https:\/\/mv.atelierzidlicky.eu\/wp-content\/uploads\/P1140476.jpg\"><img loading=\"lazy\" decoding=\"async\" class=\"wp-image-4413 \" src=\"https:\/\/mv.atelierzidlicky.eu\/wp-content\/uploads\/P1140476-225x300.jpg\" alt=\"Z\u00e1mek Bu\u010dovice\" width=\"362\" height=\"484\" srcset=\"https:\/\/mv.atelierzidlicky.eu\/wp-content\/uploads\/P1140476-225x300.jpg 225w, https:\/\/mv.atelierzidlicky.eu\/wp-content\/uploads\/P1140476-112x150.jpg 112w, https:\/\/mv.atelierzidlicky.eu\/wp-content\/uploads\/P1140476-768x1024.jpg 768w\" sizes=\"auto, (max-width: 362px) 100vw, 362px\" \/><\/a><figcaption id=\"caption-attachment-4413\" class=\"wp-caption-text\">Bu\u010dovice Chateau<\/figcaption><\/figure>\n<figure id=\"attachment_464\" aria-describedby=\"caption-attachment-464\" style=\"width: 540px\" class=\"wp-caption alignleft\"><a href=\"https:\/\/mv.atelierzidlicky.eu\/wp-content\/uploads\/IMG_1849.jpg\"><img loading=\"lazy\" decoding=\"async\" class=\"size-full wp-image-464 \" title=\"Z\u00e1mek Bu\u010dovice, s\u00eddlo Muzea Bu\u010dovice\" src=\"https:\/\/mv.atelierzidlicky.eu\/wp-content\/uploads\/IMG_1849.jpg\" alt=\"\" width=\"550\" height=\"367\" srcset=\"https:\/\/mv.atelierzidlicky.eu\/wp-content\/uploads\/IMG_1849.jpg 550w, https:\/\/mv.atelierzidlicky.eu\/wp-content\/uploads\/IMG_1849-224x150.jpg 224w, https:\/\/mv.atelierzidlicky.eu\/wp-content\/uploads\/IMG_1849-300x200.jpg 300w\" sizes=\"auto, (max-width: 550px) 100vw, 550px\" \/><\/a><figcaption id=\"caption-attachment-464\" class=\"wp-caption-text\">Bu\u010dovice Chateau, the seat of the Bu\u010dovice Museum<\/figcaption><\/figure>\n","protected":false},"excerpt":{"rendered":"<p>We would like to invite you to visit the permanent exhibition on Life in the Past in the Bu\u010dovice Region. The exhibition presents the life of the Bu\u010dovice Region\u2019s locals through thematic areas that deal with the most important aspects of human life throughout history. Settling of the landscape and its economic development, building settlements &#8230; <a title=\"The Bu\u010dovice Museum\" class=\"read-more\" href=\"https:\/\/mv.atelierzidlicky.eu\/en\/domu\/the-bucovice-museum\/\" aria-label=\"Read more about The Bu\u010dovice Museum\">Read more<\/a><\/p>\n","protected":false},"author":4,"featured_media":15320,"parent":18580,"menu_order":39,"comment_status":"closed","ping_status":"closed","template":"","meta":{"_acf_changed":false,"footnotes":""},"class_list":["post-18562","page","type-page","status-publish","has-post-thumbnail"],"acf":[],"_links":{"self":[{"href":"https:\/\/mv.atelierzidlicky.eu\/en\/wp-json\/wp\/v2\/pages\/18562","targetHints":{"allow":["GET"]}}],"collection":[{"href":"https:\/\/mv.atelierzidlicky.eu\/en\/wp-json\/wp\/v2\/pages"}],"about":[{"href":"https:\/\/mv.atelierzidlicky.eu\/en\/wp-json\/wp\/v2\/types\/page"}],"author":[{"embeddable":true,"href":"https:\/\/mv.atelierzidlicky.eu\/en\/wp-json\/wp\/v2\/users\/4"}],"replies":[{"embeddable":true,"href":"https:\/\/mv.atelierzidlicky.eu\/en\/wp-json\/wp\/v2\/comments?post=18562"}],"version-history":[{"count":1,"href":"https:\/\/mv.atelierzidlicky.eu\/en\/wp-json\/wp\/v2\/pages\/18562\/revisions"}],"predecessor-version":[{"id":18564,"href":"https:\/\/mv.atelierzidlicky.eu\/en\/wp-json\/wp\/v2\/pages\/18562\/revisions\/18564"}],"up":[{"embeddable":true,"href":"https:\/\/mv.atelierzidlicky.eu\/en\/wp-json\/wp\/v2\/pages\/18580"}],"wp:featuredmedia":[{"embeddable":true,"href":"https:\/\/mv.atelierzidlicky.eu\/en\/wp-json\/wp\/v2\/media\/15320"}],"wp:attachment":[{"href":"https:\/\/mv.atelierzidlicky.eu\/en\/wp-json\/wp\/v2\/media?parent=18562"}],"curies":[{"name":"wp","href":"https:\/\/api.w.org\/{rel}","templated":true}]}}