{"id":18559,"date":"2011-10-13T16:29:42","date_gmt":"2011-10-13T14:29:42","guid":{"rendered":"https:\/\/mv.atelierzidlicky.eu\/domu\/muzeum-vyskovska\/"},"modified":"2025-02-11T11:41:18","modified_gmt":"2025-02-11T10:41:18","slug":"the-museum-of-the-vyskov-region","status":"publish","type":"page","link":"https:\/\/mv.atelierzidlicky.eu\/en\/domu\/the-museum-of-the-vyskov-region\/","title":{"rendered":"The Museum of the Vy\u0161kov Region"},"content":{"rendered":"<p class=\"p1\"><b>The beginnings of the Museum of the Vy\u0161kov Region\u2019s collections date back to the 1890s when because of preparations for the Prague Ethnographic Exhibition, the Ethnographic Department was first established, and in 1893, the Ethnographic Association was founded.<span class=\"Apple-converted-space\">\u00a0<\/span><\/b><\/p>\n<p class=\"p1\">In 1911, Prof. Josef Tvrd\u00fd honoured the collections with a&nbsp;successful exhibition of folk pottery from the Vy\u0161kov Region. In 1923, thanks to Prof. Vojt\u011bch Proch\u00e1zka, a&nbsp;town museum opened in the building of burgher schools, and in 1931, it moved to the former Jewish temple in the square. Since May 1954, thanks to MUDr. Jan Zh\u00e1n\u011bl, the museum has been located in the old wing of the Vy\u0161kov Chateau, which was renovated at that time.<span class=\"Apple-converted-space\">\u00a0<\/span><\/p>\n<p class=\"p1\">Currently, the collections of the Museum of the Vy\u0161kov Region count over 130,000 pieces. The museum has exhibition halls in the main building, where short-term exhibitions are organised. Longer-term exhibitions are housed in St. Anne\u2019s Chapel. A&nbsp;depository in D\u011bdice is used to store more space-intensive collections. The Bu\u010dovice Museum is a&nbsp;detached workplace of the Museum of the Vy\u0161kov Region.<\/p>\n<p><strong>\u00a0<\/strong><\/p>\n<figure id=\"attachment_441\" aria-describedby=\"caption-attachment-441\" style=\"width: 540px\" class=\"wp-caption alignnone\"><a href=\"https:\/\/mv.atelierzidlicky.eu\/wp-content\/uploads\/wwIMG_1590.jpg\"><img loading=\"lazy\" decoding=\"async\" class=\"size-full wp-image-441 \" title=\"Muzeum Vyskovska\" src=\"https:\/\/mv.atelierzidlicky.eu\/wp-content\/uploads\/wwIMG_1590.jpg\" alt=\"\" width=\"550\" height=\"367\" srcset=\"https:\/\/mv.atelierzidlicky.eu\/wp-content\/uploads\/wwIMG_1590.jpg 550w, https:\/\/mv.atelierzidlicky.eu\/wp-content\/uploads\/wwIMG_1590-224x150.jpg 224w, https:\/\/mv.atelierzidlicky.eu\/wp-content\/uploads\/wwIMG_1590-300x200.jpg 300w\" sizes=\"auto, (max-width: 550px) 100vw, 550px\" \/><\/a><figcaption id=\"caption-attachment-441\" class=\"wp-caption-text\">The Museum of the Vy\u0161kov Region<\/figcaption><\/figure>\n<figure id=\"attachment_13567\" aria-describedby=\"caption-attachment-13567\" style=\"width: 539px\" class=\"wp-caption alignnone\"><a href=\"https:\/\/mv.atelierzidlicky.eu\/wp-content\/uploads\/zamek-2.jpg\"><img loading=\"lazy\" decoding=\"async\" class=\" wp-image-13567\" src=\"https:\/\/mv.atelierzidlicky.eu\/wp-content\/uploads\/zamek-2-300x200.jpg\" alt=\"\" width=\"549\" height=\"366\" srcset=\"https:\/\/mv.atelierzidlicky.eu\/wp-content\/uploads\/zamek-2-300x200.jpg 300w, https:\/\/mv.atelierzidlicky.eu\/wp-content\/uploads\/zamek-2-225x150.jpg 225w, https:\/\/mv.atelierzidlicky.eu\/wp-content\/uploads\/zamek-2-768x513.jpg 768w, https:\/\/mv.atelierzidlicky.eu\/wp-content\/uploads\/zamek-2-1024x684.jpg 1024w, https:\/\/mv.atelierzidlicky.eu\/wp-content\/uploads\/zamek-2.jpg 1766w\" sizes=\"auto, (max-width: 549px) 100vw, 549px\" \/><\/a><figcaption id=\"caption-attachment-13567\" class=\"wp-caption-text\">Vy\u0161kov Chateau, courtyard<span class=\"Apple-converted-space\">\u00a0<\/span><\/figcaption><\/figure>\n<figure id=\"attachment_1019\" aria-describedby=\"caption-attachment-1019\" style=\"width: 557px\" class=\"wp-caption alignnone\"><a href=\"https:\/\/mv.atelierzidlicky.eu\/wp-content\/uploads\/Muzeum-Vyskovska-pohled-na-zamek.jpg\"><img loading=\"lazy\" decoding=\"async\" class=\"size-full wp-image-1019 \" title=\"Muzeum Vyskovska - pohled na zamek\" src=\"https:\/\/mv.atelierzidlicky.eu\/wp-content\/uploads\/Muzeum-Vyskovska-pohled-na-zamek.jpg\" alt=\"\" width=\"567\" height=\"379\" srcset=\"https:\/\/mv.atelierzidlicky.eu\/wp-content\/uploads\/Muzeum-Vyskovska-pohled-na-zamek.jpg 700w, https:\/\/mv.atelierzidlicky.eu\/wp-content\/uploads\/Muzeum-Vyskovska-pohled-na-zamek-224x150.jpg 224w, https:\/\/mv.atelierzidlicky.eu\/wp-content\/uploads\/Muzeum-Vyskovska-pohled-na-zamek-300x200.jpg 300w\" sizes=\"auto, (max-width: 567px) 100vw, 567px\" \/><\/a><figcaption id=\"caption-attachment-1019\" class=\"wp-caption-text\">The Museum of the Vy\u0161kov Region \u2013 a&nbsp;view of the castle<\/figcaption><\/figure>\n\n","protected":false},"excerpt":{"rendered":"<p>The beginnings of the Museum of the Vy\u0161kov Region\u2019s collections date back to the 1890s when because of preparations for the Prague Ethnographic Exhibition, the Ethnographic Department was first established, and in 1893, the Ethnographic Association was founded.\u00a0 In 1911, Prof. Josef Tvrd\u00fd honoured the collections with a&nbsp;successful exhibition of folk pottery from the Vy\u0161kov &#8230; <a title=\"The Museum of the Vy\u0161kov Region\" class=\"read-more\" href=\"https:\/\/mv.atelierzidlicky.eu\/en\/domu\/the-museum-of-the-vyskov-region\/\" aria-label=\"Read more about The Museum of the Vy\u0161kov Region\">Read more<\/a><\/p>\n","protected":false},"author":4,"featured_media":18039,"parent":18580,"menu_order":31,"comment_status":"closed","ping_status":"closed","template":"","meta":{"_acf_changed":false,"footnotes":""},"class_list":["post-18559","page","type-page","status-publish","has-post-thumbnail"],"acf":[],"_links":{"self":[{"href":"https:\/\/mv.atelierzidlicky.eu\/en\/wp-json\/wp\/v2\/pages\/18559","targetHints":{"allow":["GET"]}}],"collection":[{"href":"https:\/\/mv.atelierzidlicky.eu\/en\/wp-json\/wp\/v2\/pages"}],"about":[{"href":"https:\/\/mv.atelierzidlicky.eu\/en\/wp-json\/wp\/v2\/types\/page"}],"author":[{"embeddable":true,"href":"https:\/\/mv.atelierzidlicky.eu\/en\/wp-json\/wp\/v2\/users\/4"}],"replies":[{"embeddable":true,"href":"https:\/\/mv.atelierzidlicky.eu\/en\/wp-json\/wp\/v2\/comments?post=18559"}],"version-history":[{"count":2,"href":"https:\/\/mv.atelierzidlicky.eu\/en\/wp-json\/wp\/v2\/pages\/18559\/revisions"}],"predecessor-version":[{"id":18561,"href":"https:\/\/mv.atelierzidlicky.eu\/en\/wp-json\/wp\/v2\/pages\/18559\/revisions\/18561"}],"up":[{"embeddable":true,"href":"https:\/\/mv.atelierzidlicky.eu\/en\/wp-json\/wp\/v2\/pages\/18580"}],"wp:featuredmedia":[{"embeddable":true,"href":"https:\/\/mv.atelierzidlicky.eu\/en\/wp-json\/wp\/v2\/media\/18039"}],"wp:attachment":[{"href":"https:\/\/mv.atelierzidlicky.eu\/en\/wp-json\/wp\/v2\/media?parent=18559"}],"curies":[{"name":"wp","href":"https:\/\/api.w.org\/{rel}","templated":true}]}}