{"id":18555,"date":"2011-10-13T14:40:12","date_gmt":"2011-10-13T12:40:12","guid":{"rendered":"https:\/\/mv.atelierzidlicky.eu\/expozice\/"},"modified":"2025-02-11T11:34:43","modified_gmt":"2025-02-11T10:34:43","slug":"exhibitions","status":"publish","type":"page","link":"https:\/\/mv.atelierzidlicky.eu\/en\/exhibitions\/","title":{"rendered":"Exhibitions"},"content":{"rendered":"<h2 class=\"p1\">Exhibitions<\/h2>\n<p class=\"p1\"><strong>The museum offers six permanent exhibitions in Vy\u0161kov and one permanent exhibition in the Bu\u010dovice Museum \u2013 A&nbsp;Year in the Vy\u0161kov Region through Customs and Festivities, which opened in 2019.<\/strong><\/p>\n<p class=\"p1\">The oldest exhibition at the Museum of the Vy\u0161kov Region was created more than 50 years ago, while the most recent one is from 2019. The remaining exhibitions are from the 1970s, 1980s, and early 1990s.<\/p>\n<p class=\"p1\">Folk Pottery from the Vy\u0161kov Region: 1954<\/p>\n<p class=\"p1\">An ethnographic exhibition \u2013 A&nbsp;Year in the Vy\u0161kov Region through Customs and Festivities 2019<\/p>\n<p class=\"p1\">Nature of the Vy\u0161kov Region: 2016<\/p>\n<p class=\"p1\">Life in the Past in the Bu\u010dovice Region: 2019<\/p>\n<p class=\"p1\">An Exhibition on Alois Musil\u2019s Life and Work: 2014<\/p>\n<p class=\"p1\">Prehistory in the Vy\u0161kov Region<\/p>\n<p class=\"p1\">The Middle Ages in the Vy\u0161kov Region<\/p>\n<p class=\"p1\">Notice:<\/p>\n<p class=\"p2\"><strong>Dear Visitors, the permanent exhibitions <i>Prehistory in the Vy\u0161kov Region<\/i>, <i>The Middle Ages in the Vy\u0161kov Region, <\/i>and <i>The Vy\u0161kov Region until 1850<\/i> are closed due to remodelling. Thank you for your understanding.<\/strong><\/p>\n<p class=\"p1\">Visitors can see historical farming equipment from the ethnographic sub-collection of the Museum of the Vy\u0161kov Region, currently on display in <a title=\"Muzeum zem\u011bdelsk\u00fdch stroj\u016f Ho\u0161tice - Heroltice\" href=\"http:\/\/www.muzeumhostice.cz\/\" target=\"_blank\" rel=\"noopener\">the Museum of Agricultural Machines Ho\u0161tice \u2013 Heroltice<\/a>.<\/p>\n","protected":false},"excerpt":{"rendered":"<p>Exhibitions The museum offers six permanent exhibitions in Vy\u0161kov and one permanent exhibition in the Bu\u010dovice Museum \u2013 A&nbsp;Year in the Vy\u0161kov Region through Customs and Festivities, which opened in 2019. The oldest exhibition at the Museum of the Vy\u0161kov Region was created more than 50 years ago, while the most recent one is from &#8230; <a title=\"Exhibitions\" class=\"read-more\" href=\"https:\/\/mv.atelierzidlicky.eu\/en\/exhibitions\/\" aria-label=\"Read more about Exhibitions\">Read more<\/a><\/p>\n","protected":false},"author":4,"featured_media":0,"parent":0,"menu_order":62,"comment_status":"closed","ping_status":"closed","template":"","meta":{"_acf_changed":false,"footnotes":""},"class_list":["post-18555","page","type-page","status-publish"],"acf":[],"_links":{"self":[{"href":"https:\/\/mv.atelierzidlicky.eu\/en\/wp-json\/wp\/v2\/pages\/18555","targetHints":{"allow":["GET"]}}],"collection":[{"href":"https:\/\/mv.atelierzidlicky.eu\/en\/wp-json\/wp\/v2\/pages"}],"about":[{"href":"https:\/\/mv.atelierzidlicky.eu\/en\/wp-json\/wp\/v2\/types\/page"}],"author":[{"embeddable":true,"href":"https:\/\/mv.atelierzidlicky.eu\/en\/wp-json\/wp\/v2\/users\/4"}],"replies":[{"embeddable":true,"href":"https:\/\/mv.atelierzidlicky.eu\/en\/wp-json\/wp\/v2\/comments?post=18555"}],"version-history":[{"count":2,"href":"https:\/\/mv.atelierzidlicky.eu\/en\/wp-json\/wp\/v2\/pages\/18555\/revisions"}],"predecessor-version":[{"id":18558,"href":"https:\/\/mv.atelierzidlicky.eu\/en\/wp-json\/wp\/v2\/pages\/18555\/revisions\/18558"}],"wp:attachment":[{"href":"https:\/\/mv.atelierzidlicky.eu\/en\/wp-json\/wp\/v2\/media?parent=18555"}],"curies":[{"name":"wp","href":"https:\/\/api.w.org\/{rel}","templated":true}]}}